{"id":83681,"date":"2022-03-01T11:40:55","date_gmt":"2022-03-01T10:40:55","guid":{"rendered":"https:\/\/www.atreus.de\/?page_id=83681"},"modified":"2022-05-25T09:25:17","modified_gmt":"2022-05-25T07:25:17","slug":"personalities-for-supervisory-boards-and-advisory-boards","status":"publish","type":"page","link":"https:\/\/www.atreus.de\/en\/expertise-in-interim-management\/service\/personalities-for-supervisory-boards-and-advisory-boards\/","title":{"rendered":"Personalities for Supervisory Boards and Advisory Boards"},"content":{"rendered":"<div  class=\"zw-cgb header-standard-block is-first-block desktop-has-image mobile-has-image default-margin white-color content-left content-down zw-atr-portrait-pos-default zw-atr-landscape-pos-center-top height-default \"><div class=\"row\"><div class=\"zw-cgb-content col-12 mx-auto\"><div  class=\"header-standard-inner-container\"><div class=\"bg-image\"><span class=\"copyright-image d-none d-lg-block\">\u00a9 Attayoot \u2013 stock.adobe.com<\/span><img decoding=\"async\" class=\"respnsive-img d-none d-lg-block\" loading=\"lazy\" alt=\"Pers\u00f6nlichkeiten f\u00fcr Aufsichtsr\u00e4te und Beir\u00e4te\" src=\"https:\/\/www.atreus.de\/wp-content\/uploads\/2022\/03\/HEADER1.jpg\" srcset=\"https:\/\/www.atreus.de\/wp-content\/uploads\/2022\/03\/HEADER1.jpg 1920w, https:\/\/www.atreus.de\/wp-content\/uploads\/2022\/03\/HEADER1-768x432.jpg 768w, https:\/\/www.atreus.de\/wp-content\/uploads\/2022\/03\/HEADER1-1024x576.jpg 1024w, https:\/\/www.atreus.de\/wp-content\/uploads\/2022\/03\/HEADER1-480x270.jpg 480w, https:\/\/www.atreus.de\/wp-content\/uploads\/2022\/03\/HEADER1-1440x810.jpg 1440w\" sizes=\"(max-width: 1920px) 100vw, 1920px\" style=\"aspect-ratio:1920\/1080 !important\" title=\"atreus_\"><span class=\"copyright-image d-lg-none d-block\">\u00a9 Attayoot \u2013 stock.adobe.com<\/span><img decoding=\"async\" class=\"responsive-img d-lg-none d-block\" loading=\"lazy\" alt=\"Pers\u00f6nlichkeiten f\u00fcr Aufsichtsr\u00e4te und Beir\u00e4te\" src=\"https:\/\/www.atreus.de\/wp-content\/uploads\/2022\/03\/teaser-2u3-sp-Services-Persoenlichkeitenfuer_Aufsichtsraete_und_Beiraete.jpg\" srcset=\"https:\/\/www.atreus.de\/wp-content\/uploads\/2022\/03\/teaser-2u3-sp-Services-Persoenlichkeitenfuer_Aufsichtsraete_und_Beiraete.jpg 823w, https:\/\/www.atreus.de\/wp-content\/uploads\/2022\/03\/teaser-2u3-sp-Services-Persoenlichkeitenfuer_Aufsichtsraete_und_Beiraete-768x578.jpg 768w, https:\/\/www.atreus.de\/wp-content\/uploads\/2022\/03\/teaser-2u3-sp-Services-Persoenlichkeitenfuer_Aufsichtsraete_und_Beiraete-480x361.jpg 480w\" sizes=\"(max-width: 1024px) 100vw, 1024px\" style=\"aspect-ratio:823\/619 !important\" title=\"atreus_\"><\/div><div class=\"preheadline-container\"><div class=\"zw-breadcrumb-container black-color d-md-down-none\"><\/div><p class=\" zw-cgb preheadline zw-prevent-animation\">CHARISMA THROUGH COMPETENCE<\/p><h1 class=\" zw-cgb headline zw-prevent-animation\">PERSONALITIES FOR SUPERVISORY AND ADVISORY BOARDS<\/h1><\/div><\/div><\/div><\/div><\/div><div class=\"zw-breadcrumb-container black-color d-none d-md-down-block\"><nav aria-label=\"breadcrumbs\" class=\"rank-math-breadcrumb\"><p><span class=\"label\">c<\/span> <span class=\"last\">Home<\/span><\/p><\/nav><\/div>\n\n    <div  class=\"zw-cgb    infoblock default-margin black-color  \">\n      <div class=\" row\">\n        <div class=\"zw-cgb-content has-padding col-12\">\n          <div class=\"inner-content parent-has-padding\"><p class=\" zw-cgb fulltext \">We know what matters when it comes to selecting members for your Supervisory Board or Advisory Board: track record, mission-critical experience and results-focused thinking. Atreus maintains long-standing relationships with notable personalities from the business world. These people are closely networked and have many years of industry experience and strategic decision-making expertise.<br>Perfectly fitting professional advisory boards or supervisory boards move the company forward. They accompany strategy discussions, critically scrutinize budget decisions or advise on succession issues, for example. Atreus supports both corporate groups and medium-sized companies in professionally setting up this group of advisors. After all, good advice is there to create added value.<\/p><div class=\"link-container\"><\/div><\/div>        <\/div>\n      <\/div>\n    <\/div>\n\n\n\n\n\n\n\n    <div  class=\"zw-cgb  textblock black-color zw-content-pos-center  default-margin \">\n      <div class=\"row\">\n        <div class=\"zw-cgb-content col-12 g-0\">\n          <h2 class=\"zw-cgb headline \">THE IDEAL ADVISORY OR SUPERVISORY BOARD MEMBER<\/h2><div class=\"zw-cgb unspecified\"><div  class=\"zw-cgb row  columnmaster025 default-margin \"><div class=\"columnmaster-inner-content\">    <div  class=\"zw-cgb no-image-layout columnblock25 white-color no-icon \">\n      <div class=\"zw-cgb zw-cgb-content\">\n\n        <div class=\"column-content text-center\"><div class=\"inner-content\"><ul class=\"zw-cgb-ul fulltext \"><li>Acts as a sparring partner and advisor with vision<\/li><li>Brings \u201cBusiness Wisdom\u201d with them: through experience in business management they have the necessary foresight<\/li><li>Has in-depth industry and technical knowledge<\/li><li>Maintains open, transparent communication with the managing directors and board members on a basis of trust and is always informed about the business situation<\/li><li>Intensively prepares committees and meetings<\/li><\/ul><\/div><\/div>      <\/div>\n    <\/div>\n    <div  class=\"zw-cgb no-image-layout columnblock25 white-color no-icon \">\n      <div class=\"zw-cgb zw-cgb-content\">\n\n        <div class=\"column-content text-center\"><div class=\"inner-content\"><ul class=\"zw-cgb-ul fulltext \"><li>Has an inner independence<\/li><li>Engages in critical discourse on content, expresses his\/her opinion clearly and can offer constructive criticism<\/li><li>Is able to reach consensus and act as a mediator on contentious issues<\/li><li>Knows the legal implications and possible risks associated with the respective function and takes these into account<\/li><li>Contributes time and \u201cheart and soul\u201d for the company and its topics<\/li><\/ul><\/div><\/div>      <\/div>\n    <\/div>\n<\/div><\/div><\/div>        <\/div>\n      <\/div>\n    <\/div>\n\n\n\n","protected":false},"excerpt":{"rendered":"<div  class=\"zw-cgb header-standard-block  desktop-has-image mobile-has-image default-margin white-color content-left content-down zw-atr-portrait-pos-default zw-atr-landscape-pos-center-top height-default \">\n<div class=\"row\">\n<div class=\"zw-cgb-content col-12 mx-auto\">\n<div  class=\"header-standard-inner-container\">\n<div class=\"bg-image\"><span class=\"copyright-image d-none d-lg-block\">\u00a9 Attayoot \u2013 stock.adobe.com<\/span><img decoding=\"async\" class=\"respnsive-img d-none d-lg-block\" loading=\"lazy\" alt=\"Pers\u00f6nlichkeiten f\u00fcr Aufsichtsr\u00e4te und Beir\u00e4te\" src=\"https:\/\/www.atreus.de\/wp-content\/uploads\/2022\/03\/HEADER1.jpg\" srcset=\"https:\/\/www.atreus.de\/wp-content\/uploads\/2022\/03\/HEADER1.jpg 1920w, https:\/\/www.atreus.de\/wp-content\/uploads\/2022\/03\/HEADER1-768x432.jpg 768w, https:\/\/www.atreus.de\/wp-content\/uploads\/2022\/03\/HEADER1-1024x576.jpg 1024w, https:\/\/www.atreus.de\/wp-content\/uploads\/2022\/03\/HEADER1-480x270.jpg 480w, https:\/\/www.atreus.de\/wp-content\/uploads\/2022\/03\/HEADER1-1440x810.jpg 1440w\" sizes=\"(max-width: 1920px) 100vw, 1920px\"style='aspect-ratio:1920\/1080 !important'><span class=\"copyright-image d-lg-none d-block\">\u00a9 Attayoot \u2013 stock.adobe.com<\/span><img decoding=\"async\" class=\"responsive-img d-lg-none d-block\" loading=\"lazy\" alt=\"Pers\u00f6nlichkeiten f\u00fcr Aufsichtsr\u00e4te und Beir\u00e4te\" src=\"https:\/\/www.atreus.de\/wp-content\/uploads\/2022\/03\/teaser-2u3-sp-Services-Persoenlichkeitenfuer_Aufsichtsraete_und_Beiraete.jpg\" srcset=\"https:\/\/www.atreus.de\/wp-content\/uploads\/2022\/03\/teaser-2u3-sp-Services-Persoenlichkeitenfuer_Aufsichtsraete_und_Beiraete.jpg 823w, https:\/\/www.atreus.de\/wp-content\/uploads\/2022\/03\/teaser-2u3-sp-Services-Persoenlichkeitenfuer_Aufsichtsraete_und_Beiraete-768x578.jpg 768w, https:\/\/www.atreus.de\/wp-content\/uploads\/2022\/03\/teaser-2u3-sp-Services-Persoenlichkeitenfuer_Aufsichtsraete_und_Beiraete-480x361.jpg 480w\" sizes=\"(max-width: 1024px) 100vw, 1024px\"style='aspect-ratio:823\/619 !important'><\/div>\n<div class=\"preheadline-container\">\n<div class=\"zw-breadcrumb-container black-color d-md-down-none\"><\/div>\n<p class=\" zw-cgb preheadline zw-prevent-animation\">CHARISMA THROUGH COMPETENCE<\/p>\n<h2 class=\" zw-cgb headline zw-prevent-animation\">PERSONALITIES FOR SUPERVISORY AND ADVISORY BOARDS<\/h2>\n<\/div>\n<\/div>\n<\/div>\n<\/div>\n<\/div>\n<div class=\"zw-breadcrumb-container black-color d-none d-md-down-block\">\n<nav aria-label=\"breadcrumbs\" class=\"rank-math-breadcrumb\">\n<p><span class=\"label\">c<\/span> <span class=\"last\">Home<\/span><\/p>\n<\/nav>\n<\/div>\n","protected":false},"author":3,"featured_media":6515,"parent":81581,"menu_order":9,"comment_status":"closed","ping_status":"closed","template":"","meta":{"_relevanssi_hide_post":"","_relevanssi_hide_content":"","_relevanssi_pin_for_all":"","_relevanssi_pin_keywords":"","_relevanssi_unpin_keywords":"","_relevanssi_related_keywords":"","_relevanssi_related_include_ids":"","_relevanssi_related_exclude_ids":"","_relevanssi_related_no_append":"","_relevanssi_related_not_related":"","_relevanssi_related_posts":"592871,295630,388154,442728,486206,388162","_relevanssi_noindex_reason":"","_zw_phone_override":"","footnotes":""},"competences":[403],"industry-sectors":[],"class_list":["post-83681","page","type-page","status-publish","has-post-thumbnail","hentry","competences-interim-management-en"],"_links":{"self":[{"href":"https:\/\/www.atreus.de\/en\/wp-json\/wp\/v2\/pages\/83681","targetHints":{"allow":["GET"]}}],"collection":[{"href":"https:\/\/www.atreus.de\/en\/wp-json\/wp\/v2\/pages"}],"about":[{"href":"https:\/\/www.atreus.de\/en\/wp-json\/wp\/v2\/types\/page"}],"author":[{"embeddable":true,"href":"https:\/\/www.atreus.de\/en\/wp-json\/wp\/v2\/users\/3"}],"replies":[{"embeddable":true,"href":"https:\/\/www.atreus.de\/en\/wp-json\/wp\/v2\/comments?post=83681"}],"version-history":[{"count":0,"href":"https:\/\/www.atreus.de\/en\/wp-json\/wp\/v2\/pages\/83681\/revisions"}],"up":[{"embeddable":true,"href":"https:\/\/www.atreus.de\/en\/wp-json\/wp\/v2\/pages\/81581"}],"wp:featuredmedia":[{"embeddable":true,"href":"https:\/\/www.atreus.de\/en\/wp-json\/wp\/v2\/media\/6515"}],"wp:attachment":[{"href":"https:\/\/www.atreus.de\/en\/wp-json\/wp\/v2\/media?parent=83681"}],"wp:term":[{"taxonomy":"competences","embeddable":true,"href":"https:\/\/www.atreus.de\/en\/wp-json\/wp\/v2\/competences?post=83681"},{"taxonomy":"industry-sectors","embeddable":true,"href":"https:\/\/www.atreus.de\/en\/wp-json\/wp\/v2\/industry-sectors?post=83681"}],"curies":[{"name":"wp","href":"https:\/\/api.w.org\/{rel}","templated":true}]}}