{"id":92447,"date":"2022-03-01T11:50:31","date_gmt":"2022-03-01T10:50:31","guid":{"rendered":"https:\/\/www.atreus.de\/?page_id=92447"},"modified":"2024-11-13T09:17:58","modified_gmt":"2024-11-13T08:17:58","slug":"events","status":"publish","type":"page","link":"https:\/\/www.atreus.de\/en\/publications-events\/events\/","title":{"rendered":"Events"},"content":{"rendered":"<div  class=\"zw-cgb header-standard-block is-first-block desktop-header-standard mobile-header-standard default-margin black-color content-right content-down zw-atr-portrait-pos-default zw-atr-landscape-pos-default height-small \"><div class=\"row\"><div class=\"zw-cgb-content col-12 mx-auto\"><div  class=\"header-standard-inner-container\"><div class=\"bg-image\"><\/div><div class=\"zw-breadcrumb-container black-color d-md-block d-none\"><nav aria-label=\"breadcrumbs\" class=\"rank-math-breadcrumb\"><p><span class=\"label\">c<\/span> <span class=\"last\">Home<\/span><\/p><\/nav><\/div><div class=\"preheadline-container\"><h1 class=\" zw-cgb headline zw-prevent-animation\">Events<\/h1><\/div><\/div><\/div><\/div><\/div>\n\n\n    <div  class=\"zw-cgb  latestPosts default-margin \">\n      <div class=\"row zw-cgb-content\">\n              <\/div>\n    <\/div>\n\n\n\n\n    <div  class=\"zw-cgb  latestPosts default-margin \">\n      <div class=\"row zw-cgb-content\">\n        \n      <div  class=\"zw-cgb latestPostsContent px-0 col-12 col-md-6 col-menu-4 event   show-featured-image \">\n\n\n        <div class=\"image-container single-featured\"><a href = \"https:\/\/www.atreus.de\/?post_type=event&#038;p=80933\"><span class=\"copyright-image\"><\/span><img decoding=\"async\" loading=\"lazy\" alt=\"atreus_\" src=\"https:\/\/www.atreus.de\/wp-content\/uploads\/2022\/05\/teaser-img-fuer-2-und-3-spalter-20220613-rt-energie.jpg\" srcset=\"https:\/\/www.atreus.de\/wp-content\/uploads\/2022\/05\/teaser-img-fuer-2-und-3-spalter-20220613-rt-energie.jpg 823w, https:\/\/www.atreus.de\/wp-content\/uploads\/2022\/05\/teaser-img-fuer-2-und-3-spalter-20220613-rt-energie-768x578.jpg 768w, https:\/\/www.atreus.de\/wp-content\/uploads\/2022\/05\/teaser-img-fuer-2-und-3-spalter-20220613-rt-energie-480x361.jpg 480w\" sizes=\"(max-width: 1024px) 100vw, 1024px\" style=\"aspect-ratio:823\/619 !important\" title=\"atreus_\"><\/a><\/div><div class=\"image-container double-featured\"><a href = \"https:\/\/www.atreus.de\/?post_type=event&#038;p=80933\"><span class=\"copyright-image\"><\/span><img decoding=\"async\" loading=\"lazy\" alt=\"atreus_\" src=\"https:\/\/www.atreus.de\/wp-content\/uploads\/2022\/05\/teaser-img-50zu50-20220613-rt-energie.jpg\" srcset=\"https:\/\/www.atreus.de\/wp-content\/uploads\/2022\/05\/teaser-img-50zu50-20220613-rt-energie.jpg 823w, https:\/\/www.atreus.de\/wp-content\/uploads\/2022\/05\/teaser-img-50zu50-20220613-rt-energie-768x384.jpg 768w, https:\/\/www.atreus.de\/wp-content\/uploads\/2022\/05\/teaser-img-50zu50-20220613-rt-energie-480x240.jpg 480w\" sizes=\"(max-width: 1024px) 100vw, 1024px\" style=\"aspect-ratio:823\/412 !important\" title=\"atreus_\"><\/a><\/div>        <div class=\"content-container has-excerpt posttype-event blue-900 white-color\">\n          <div class=\"preheadline-container parent-has-padding\"><p class=\"zw-cgb preheadline\">Roundtable | 27.09.2022<\/p><\/div><a href = \"https:\/\/www.atreus.de\/?post_type=event&#038;p=80933\"><h2 class=\" zw-cgb headline\">&#8220;Energiewende jetzt&#8221; &#8211; gemeinsam einfach machen!?\u00a0<\/h2><\/a><p class=\" zw-cgb fulltext\">Energiethemen sind in aller Munde. Energiewende ist Jetzt. Und das Potential f\u00fcr gemeinsame Projekte ist gro\u00df. Diskutieren Sie mit uns zu aktuellen Energiethemen in kleiner Pr\u00e4senzrunde.<\/p><div class=\"zw-cgb zw-cgb-button-container \"><a href=\"https:\/\/www.atreus.de\/?post_type=event&#038;p=80933\" class=\"zw-cgb btn btn-primary \">Read more<\/a><\/div>        <\/div>\n            <\/div>\n      \n        <\/div>\n    <\/div>\n\n\n\n\n    <div  class=\"zw-cgb  latestPosts default-margin \">\n      <div class=\"row zw-cgb-content\">\n              <\/div>\n    <\/div>\n\n\n\n\n    <div  class=\"zw-cgb  latestPosts default-margin \">\n      <div class=\"row zw-cgb-content\">\n              <\/div>\n    <\/div>\n\n\n\n\n    <div  class=\"zw-cgb  latestPosts default-margin \">\n      <div class=\"row zw-cgb-content\">\n              <\/div>\n    <\/div>\n\n\n\n\n    <div  class=\"zw-cgb  latestPosts default-margin \">\n      <div class=\"row zw-cgb-content\">\n              <\/div>\n    <\/div>\n\n\n\n\n    <div  class=\"zw-cgb  latestPosts default-margin \">\n      <div class=\"row zw-cgb-content\">\n              <\/div>\n    <\/div>\n\n","protected":false},"excerpt":{"rendered":"<div  class=\"zw-cgb header-standard-block  desktop-header-standard mobile-header-standard default-margin black-color content-right content-down zw-atr-portrait-pos-default zw-atr-landscape-pos-default height-small \">\n<div class=\"row\">\n<div class=\"zw-cgb-content col-12 mx-auto\">\n<div  class=\"header-standard-inner-container\">\n<div class=\"bg-image\"><\/div>\n<div class=\"zw-breadcrumb-container black-color d-md-block d-none\">\n<nav aria-label=\"breadcrumbs\" class=\"rank-math-breadcrumb\">\n<p><span class=\"label\">c<\/span> <span class=\"last\">Home<\/span><\/p>\n<\/nav>\n<\/div>\n<div class=\"preheadline-container\">\n<h2 class=\" zw-cgb headline zw-prevent-animation\">Events<\/h2>\n<\/div>\n<\/div>\n<\/div>\n<\/div>\n<\/div>\n","protected":false},"author":3,"featured_media":0,"parent":92428,"menu_order":0,"comment_status":"closed","ping_status":"closed","template":"","meta":{"_relevanssi_hide_post":"","_relevanssi_hide_content":"","_relevanssi_pin_for_all":"","_relevanssi_pin_keywords":"","_relevanssi_unpin_keywords":"","_relevanssi_related_keywords":"","_relevanssi_related_include_ids":"","_relevanssi_related_exclude_ids":"","_relevanssi_related_no_append":"","_relevanssi_related_not_related":"","_relevanssi_related_posts":"376318,296305,376326,321487,412007,406548","_relevanssi_noindex_reason":"","_zw_phone_override":"","footnotes":""},"competences":[],"industry-sectors":[],"class_list":["post-92447","page","type-page","status-publish","hentry"],"_links":{"self":[{"href":"https:\/\/www.atreus.de\/en\/wp-json\/wp\/v2\/pages\/92447","targetHints":{"allow":["GET"]}}],"collection":[{"href":"https:\/\/www.atreus.de\/en\/wp-json\/wp\/v2\/pages"}],"about":[{"href":"https:\/\/www.atreus.de\/en\/wp-json\/wp\/v2\/types\/page"}],"author":[{"embeddable":true,"href":"https:\/\/www.atreus.de\/en\/wp-json\/wp\/v2\/users\/3"}],"replies":[{"embeddable":true,"href":"https:\/\/www.atreus.de\/en\/wp-json\/wp\/v2\/comments?post=92447"}],"version-history":[{"count":0,"href":"https:\/\/www.atreus.de\/en\/wp-json\/wp\/v2\/pages\/92447\/revisions"}],"up":[{"embeddable":true,"href":"https:\/\/www.atreus.de\/en\/wp-json\/wp\/v2\/pages\/92428"}],"wp:attachment":[{"href":"https:\/\/www.atreus.de\/en\/wp-json\/wp\/v2\/media?parent=92447"}],"wp:term":[{"taxonomy":"competences","embeddable":true,"href":"https:\/\/www.atreus.de\/en\/wp-json\/wp\/v2\/competences?post=92447"},{"taxonomy":"industry-sectors","embeddable":true,"href":"https:\/\/www.atreus.de\/en\/wp-json\/wp\/v2\/industry-sectors?post=92447"}],"curies":[{"name":"wp","href":"https:\/\/api.w.org\/{rel}","templated":true}]}}