{"id":515523,"date":"2022-02-18T11:01:25","date_gmt":"2022-02-18T10:01:25","guid":{"rendered":"https:\/\/www.atreus.de\/?page_id=515523"},"modified":"2026-03-12T15:16:26","modified_gmt":"2026-03-12T14:16:26","slug":"mentions-legales","status":"publish","type":"page","link":"https:\/\/www.atreus.de\/fr\/mentions-legales\/","title":{"rendered":"Mentions L\u00e9gales"},"content":{"rendered":"<div  class=\"zw-cgb header-standard-block is-first-block desktop-header-standard mobile-header-standard default-margin white-color content-left content-down zw-atr-portrait-pos-default zw-atr-landscape-pos-default height-default \"><div class=\"row\"><div class=\"zw-cgb-content col-12 mx-auto\"><div  class=\"header-standard-inner-container\"><div class=\"bg-image\"><\/div><div class=\"preheadline-container\"><div class=\"zw-breadcrumb-container black-color d-md-down-none\"><\/div><p class=\" zw-cgb preheadline zw-prevent-animation\">Mentions l\u00e9gales<\/p><\/div><\/div><\/div><\/div><\/div><div class=\"zw-breadcrumb-container black-color d-none d-md-down-block\"><nav aria-label=\"breadcrumbs\" class=\"rank-math-breadcrumb\"><p><span class=\"label\">c<\/span> <span class=\"last\">Home<\/span><\/p><\/nav><\/div>\n\n    <div  class=\"zw-cgb  change-padding  infoblock default-margin black-color  \">\n      <div class=\" row\">\n        <div class=\"zw-cgb-content has-padding col-12\">\n          <div class=\"preheadline-container parent-has-padding\"><p class=\" zw-cgb preheadline ' .  . '\">Informations obligatoires conform\u00e9ment \u00e0 l\u2019art. 5 de la loi sur les t\u00e9l\u00e9m\u00e9dias (TMG)&nbsp;:<\/p><\/div><div class=\"inner-content parent-has-padding\"><div class=\"link-container\"><\/div><\/div>        <\/div>\n      <\/div>\n    <\/div>\n\n\n<div  class=\"zw-cgb row  columnmaster020 custom-margin \"><div class=\"columnmaster-inner-content g-0\">    <div  class=\"zw-cgb no-image-layout columnblock black-color no-icon   \">\n      <div class=\"zw-cgb zw-cgb-content\">\n\n        <div class=\"column-content\"><div class=\"inner-content\"><h1 class=\" zw-cgb headline h4\">Atreus<br><mark style=\"background-color:rgba(0, 0, 0, 0)\" class=\"has-inline-color has-black-color\">A Heidrick &amp; Struggles Company<\/mark><\/h1><p class=\" zw-cgb fulltext \">Atreus GmbH<\/p><p class=\" zw-cgb fulltext \">Landshuter Allee 8<br>80637 Munich<\/p><p class=\" zw-cgb fulltext \">T\u00e9l\u00e9phone&nbsp;: +49 89 452249-540<br>T\u00e9l\u00e9copie&nbsp;: +49 89 452249-599<\/p><p class=\" zw-cgb fulltext \">E-mail&nbsp;: contact(at)atreus.de<br>Site Web&nbsp;: <a href=\"http:\/\/www.atreus.de\/\">www.atreus.de<\/a><\/p><\/div><\/div>      <\/div>\n    <\/div>\n<\/div><\/div>\n\n    <div  class=\"zw-cgb  change-padding  infoblock custom-margin black-color  \">\n      <div class=\" row\">\n        <div class=\"zw-cgb-content has-padding col-12\">\n          <div class=\"preheadline-container parent-has-padding\"><p class=\" zw-cgb preheadline ' .  . '\">Donn\u00e9es<\/p><\/div><div class=\"inner-content parent-has-padding\"><div class=\"link-container\"><\/div><\/div>        <\/div>\n      <\/div>\n    <\/div>\n\n\n<div id=\"parent52591\" class=\"zw-cgb row   factsheetWrapper\"><div class=\"multiple-items-container-factsheet px-0\"><div class=\"multiple-items-factsheet g-0 default-margin\"  ><div  class=\"zw-cgb single-factsheet black-color default-margin \"><div  class=\"single-factsheet-inner-container\"><div class =\"seitenText\"><p class=\" zw-cgb fulltext\">Responsable du contenu&nbsp;:<\/p><\/div><div class=\"inner-content\"><p class=\" zw-cgb fulltext \">Mike Schwanke<\/p><\/div><\/div><\/div><div  class=\"zw-cgb single-factsheet black-color default-margin \"><div  class=\"single-factsheet-inner-container\"><div class =\"seitenText\"><p class=\" zw-cgb fulltext\">Directeurs g\u00e9n\u00e9rals\u00a0:<\/p><\/div><div class=\"inner-content\"><p class=\" zw-cgb fulltext \">Dr. Christian Frank, Dr. Harald Linn\u00e9, Rainer Nagel, Mike Schwanke<\/p><\/div><\/div><\/div><div  class=\"zw-cgb single-factsheet black-color default-margin \"><div  class=\"single-factsheet-inner-container\"><div class =\"seitenText\"><p class=\" zw-cgb fulltext\">Cour de registre&nbsp;:<\/p><\/div><div class=\"inner-content\"><p class=\" zw-cgb fulltext \">Tribunal d\u2019instance de Munich, HRB 183366<\/p><\/div><\/div><\/div><div  class=\"zw-cgb single-factsheet black-color default-margin \"><div  class=\"single-factsheet-inner-container\"><div class =\"seitenText\"><p class=\" zw-cgb fulltext\">Num\u00e9ro de TVA&nbsp;:<\/p><\/div><div class=\"inner-content\"><p class=\" zw-cgb fulltext \">DE 114126529<\/p><\/div><\/div><\/div><\/div><\/div><\/div>\n\n    <div  class=\"zw-cgb  change-padding  infoblock default-margin black-color  \">\n      <div class=\" row\">\n        <div class=\"zw-cgb-content has-padding col-12\">\n          <div class=\"preheadline-container parent-has-padding\"><p class=\" zw-cgb preheadline ' .  . '\">Mentions l\u00e9gales<\/p><\/div><div class=\"inner-content parent-has-padding\"><div class=\"link-container\"><\/div><\/div>        <\/div>\n      <\/div>\n    <\/div>\n\n\n<div id=\"parent88185\"class=\"zw-cgb halb-halb-headline-text-block-135 default-margin \"><div class=\"row\">    <!--  block -->\n    <div class=\"half-content has-padding col-lg-6 col-12 leftBlock order-1 blue-400 white-color has-icon has-headline \"><div class=\"icon-container\"><span class=\"atr-icon\">t<\/span><h2 class=\" zw-cgb headline\">1. Contenu de l\u2019offre en ligne<\/h2><\/div><div class=\"content-container\"><div class=\"inner-content parent-has-padding\"><p class=\" zw-cgb fulltext \">Le fournisseur d\u00e9cline toute responsabilit\u00e9 en ce qui concerne l\u2019actualit\u00e9, l\u2019exactitude, l\u2019exhaustivit\u00e9 ou la qualit\u00e9 des informations fournies. Tout recours en responsabilit\u00e9 \u00e0 l\u2019encontre du fournisseur se r\u00e9f\u00e9rant aux dommages mat\u00e9riels ou immat\u00e9riels, r\u00e9sultant d\u2019une utilisation ou non-utilisation des informations propos\u00e9es ou d\u2019une utilisation d\u2019informations incorrectes et\/ou incompl\u00e8tes est exclu, dans la mesure o\u00f9 on ne peut prouver ni responsabilit\u00e9 intentionnelle ni faute lourde de la part de l\u2019auteur. Toutes les offres sont sans engagement et non contractuelles. Le fournisseur se r\u00e9serve express\u00e9ment le droit de modifier, de compl\u00e9ter, de supprimer partiellement ou enti\u00e8rement le contenu du site sans notification pr\u00e9alable ou encore de cesser la publication temporairement ou d\u00e9finitivement.<\/p><div class=\"link-container\"><\/div><\/div><\/div><\/div>    <!--  block -->\n    <div class=\"half-content has-padding col-lg-6 col-12 rightBlock order-2 blue-600 white-color has-icon has-headline \"><div class=\"icon-container\"><span class=\"atr-icon\">o<\/span><h2 class=\" zw-cgb headline\">2. R\u00e9f\u00e9rences et liens<\/h2><\/div><div class=\"content-container\"><div class=\"inner-content parent-has-padding\"><p class=\" zw-cgb fulltext \">Pour les r\u00e9f\u00e9rences directes ou indirectes \u00e0 des sites Internet externes (\u00ab&nbsp;liens&nbsp;\u00bb), qui ne rel\u00e8vent pas de la responsabilit\u00e9 de l\u2019auteur, sa responsabilit\u00e9 pourrait uniquement \u00eatre engag\u00e9e dans le cas o\u00f9 l\u2019auteur a connaissance des contenus et o\u00f9 il a raisonnablement la possibilit\u00e9 technique d\u2019emp\u00eacher l\u2019utilisation de contenus illicites. Le fournisseur d\u00e9clare express\u00e9ment par la pr\u00e9sente qu\u2019au moment de l\u2019\u00e9tablissement des liens, aucun contenu ill\u00e9gal n\u2019\u00e9tait identifiable sur les pages \u00e0 relier. Le fournisseur n\u2019a aucune influence sur la conception actuelle et future, les contenus ou la paternit\u00e9 des pages li\u00e9es\/associ\u00e9es. C\u2019est pourquoi il se distancie express\u00e9ment par la pr\u00e9sente de tous les contenus de toutes les pages li\u00e9es\/associ\u00e9es qui ont \u00e9t\u00e9 modifi\u00e9es apr\u00e8s l\u2019\u00e9tablissement des liens. Cette observation s\u2019applique \u00e0 tous les liens et r\u00e9f\u00e9rences inclus dans sa propre offre Internet, ainsi qu\u2019aux entr\u00e9es ext\u00e9rieures de tiers dans les livres d\u2019or, forums de discussion et listes de mailing \u00e9tablis par le fournisseur. Seul le fournisseur de la page \u00e0 laquelle il a \u00e9t\u00e9 renvoy\u00e9 est responsable des contenus ill\u00e9gaux, erron\u00e9s ou incomplets et en particulier des dommages r\u00e9sultant de l\u2019utilisation ou de la non-utilisation des informations ainsi pr\u00e9sent\u00e9es, et non celui qui ne fait que renvoyer \u00e0 la publication concern\u00e9e par le biais de liens.<\/p><div class=\"link-container\"><\/div><\/div><\/div><\/div><\/div><\/div>\n\n<div id=\"parent86709\"class=\"zw-cgb halb-halb-headline-text-block-135 default-margin \"><div class=\"row\">    <!--  block -->\n    <div class=\"half-content has-padding col-lg-6 col-12 leftBlock order-1  black-color has-icon has-headline \"><div class=\"icon-container\"><span class=\"atr-icon\">j<\/span><h2 class=\" zw-cgb headline\">3. Droit d\u2019auteur et droit des marques<\/h2><\/div><div class=\"content-container\"><div class=\"inner-content parent-has-padding\"><p class=\" zw-cgb fulltext \">Le fournisseur s\u2019efforce de respecter dans toutes les publications les droits d\u2019auteur des graphiques, documents sonores, s\u00e9quences vid\u00e9o et textes utilis\u00e9s, d\u2019utiliser des graphiques, documents sonores, s\u00e9quences vid\u00e9o et textes qu\u2019il a lui-m\u00eame cr\u00e9\u00e9s ou de recourir \u00e0 des graphiques, documents sonores, s\u00e9quences vid\u00e9o et textes libres de droits. Toutes les marques et marques d\u00e9pos\u00e9es mentionn\u00e9es dans l\u2019offre Internet et le cas \u00e9ch\u00e9ant prot\u00e9g\u00e9es par des tiers sont soumises sans restriction aux dispositions du droit en vigueur des marques d\u00e9pos\u00e9es et du droit de propri\u00e9t\u00e9 des propri\u00e9taires respectifs. La seule mention d\u2019une marque ne permet pas d\u2019en d\u00e9duire qu\u2019elle n\u2019est pas prot\u00e9g\u00e9e par des droits de tiers&nbsp;! Le copyright des objets publi\u00e9s et cr\u00e9\u00e9s par le fournisseur lui-m\u00eame reste la propri\u00e9t\u00e9 exclusive du fournisseur des pages. Toute reproduction ou utilisation de tels graphiques, documents sonores, s\u00e9quences vid\u00e9o et textes dans d\u2019autres publications \u00e9lectroniques ou imprim\u00e9es est interdite sans l\u2019autorisation expresse du fournisseur.<\/p><div class=\"link-container\"><\/div><\/div><\/div><\/div>    <!--  block -->\n    <div class=\"half-content has-padding col-lg-6 col-12 rightBlock order-2  black-color has-icon has-headline \"><div class=\"icon-container\"><span class=\"atr-icon\">t<\/span><h2 class=\" zw-cgb headline\">4. Validit\u00e9 juridique de la pr\u00e9sente clause de non-responsabilit\u00e9<\/h2><\/div><div class=\"content-container\"><div class=\"inner-content parent-has-padding\"><p class=\" zw-cgb fulltext \">Cette exclusion de responsabilit\u00e9 doit \u00eatre consid\u00e9r\u00e9e comme faisant partie de l\u2019offre Internet \u00e0 partir de laquelle il a \u00e9t\u00e9 renvoy\u00e9 \u00e0 cette page. Si des parties ou certaines formulations de ce texte ne devaient pas, plus ou pas enti\u00e8rement correspondre \u00e0 la situation juridique en vigueur, les autres parties du document n\u2019en seraient pas affect\u00e9es dans leur contenu et leur validit\u00e9.<\/p><div class=\"link-container\"><\/div><\/div><\/div><\/div><\/div><\/div>","protected":false},"excerpt":{"rendered":"<div  class=\"zw-cgb header-standard-block  desktop-header-standard mobile-header-standard default-margin white-color content-left content-down zw-atr-portrait-pos-default zw-atr-landscape-pos-default height-default \">\n<div class=\"row\">\n<div class=\"zw-cgb-content col-12 mx-auto\">\n<div  class=\"header-standard-inner-container\">\n<div class=\"bg-image\"><\/div>\n<div class=\"preheadline-container\">\n<div class=\"zw-breadcrumb-container black-color d-md-down-none\"><\/div>\n<p class=\" zw-cgb preheadline zw-prevent-animation\">Mentions l\u00e9gales<\/p>\n<\/div>\n<\/div>\n<\/div>\n<\/div>\n<\/div>\n<div class=\"zw-breadcrumb-container black-color d-none d-md-down-block\">\n<nav aria-label=\"breadcrumbs\" class=\"rank-math-breadcrumb\">\n<p><span class=\"label\">c<\/span> <span class=\"last\">Home<\/span><\/p>\n<\/nav>\n<\/div>\n","protected":false},"author":1,"featured_media":0,"parent":0,"menu_order":0,"comment_status":"closed","ping_status":"closed","template":"","meta":{"_relevanssi_hide_post":"","_relevanssi_hide_content":"","_relevanssi_pin_for_all":"","_relevanssi_pin_keywords":"","_relevanssi_unpin_keywords":"","_relevanssi_related_keywords":"","_relevanssi_related_include_ids":"","_relevanssi_related_exclude_ids":"","_relevanssi_related_no_append":"","_relevanssi_related_not_related":"","_relevanssi_related_posts":"524369,524337,524314,524328,524345,524329","_relevanssi_noindex_reason":"","_zw_phone_override":"","footnotes":""},"competences":[],"industry-sectors":[],"class_list":["post-515523","page","type-page","status-publish","hentry"],"_links":{"self":[{"href":"https:\/\/www.atreus.de\/fr\/wp-json\/wp\/v2\/pages\/515523","targetHints":{"allow":["GET"]}}],"collection":[{"href":"https:\/\/www.atreus.de\/fr\/wp-json\/wp\/v2\/pages"}],"about":[{"href":"https:\/\/www.atreus.de\/fr\/wp-json\/wp\/v2\/types\/page"}],"author":[{"embeddable":true,"href":"https:\/\/www.atreus.de\/fr\/wp-json\/wp\/v2\/users\/1"}],"replies":[{"embeddable":true,"href":"https:\/\/www.atreus.de\/fr\/wp-json\/wp\/v2\/comments?post=515523"}],"version-history":[{"count":0,"href":"https:\/\/www.atreus.de\/fr\/wp-json\/wp\/v2\/pages\/515523\/revisions"}],"wp:attachment":[{"href":"https:\/\/www.atreus.de\/fr\/wp-json\/wp\/v2\/media?parent=515523"}],"wp:term":[{"taxonomy":"competences","embeddable":true,"href":"https:\/\/www.atreus.de\/fr\/wp-json\/wp\/v2\/competences?post=515523"},{"taxonomy":"industry-sectors","embeddable":true,"href":"https:\/\/www.atreus.de\/fr\/wp-json\/wp\/v2\/industry-sectors?post=515523"}],"curies":[{"name":"wp","href":"https:\/\/api.w.org\/{rel}","templated":true}]}}