{"id":515580,"date":"2022-02-18T11:00:53","date_gmt":"2022-02-18T10:00:53","guid":{"rendered":"https:\/\/www.atreus.de\/?page_id=515580"},"modified":"2026-02-02T14:57:13","modified_gmt":"2026-02-02T13:57:13","slug":"contact","status":"publish","type":"page","link":"https:\/\/www.atreus.de\/fr\/contact\/","title":{"rendered":"Contact"},"content":{"rendered":"<div  class=\"zw-cgb header-standard-block is-first-block desktop-has-image mobile-has-image default-margin white-color content-right content-down zw-atr-portrait-pos-default zw-atr-landscape-pos-default height-default \"><div class=\"row\"><div class=\"zw-cgb-content col-12 mx-auto\"><div  class=\"header-standard-inner-container\"><div class=\"bg-image\"><span class=\"copyright-image d-none d-lg-block\">\u00a9 AfricaStudio \u2013 stock.adobe.com<\/span><img decoding=\"async\" class=\"respnsive-img d-none d-lg-block\" loading=\"lazy\" alt=\"atreus_\" src=\"https:\/\/www.atreus.de\/wp-content\/uploads\/2022\/04\/header-kontakt-1.jpg\" srcset=\"https:\/\/www.atreus.de\/wp-content\/uploads\/2022\/04\/header-kontakt-1.jpg 1920w, https:\/\/www.atreus.de\/wp-content\/uploads\/2022\/04\/header-kontakt-1-768x432.jpg 768w, https:\/\/www.atreus.de\/wp-content\/uploads\/2022\/04\/header-kontakt-1-1024x576.jpg 1024w, https:\/\/www.atreus.de\/wp-content\/uploads\/2022\/04\/header-kontakt-1-480x270.jpg 480w, https:\/\/www.atreus.de\/wp-content\/uploads\/2022\/04\/header-kontakt-1-1440x810.jpg 1440w\" sizes=\"(max-width: 1920px) 100vw, 1920px\" style=\"aspect-ratio:1920\/1080 !important\" title=\"atreus_\"><span class=\"copyright-image d-lg-none d-block\">\u00a9 AfricaStudio \u2013 stock.adobe.com<\/span><img decoding=\"async\" class=\"responsive-img d-lg-none d-block\" loading=\"lazy\" alt=\"atreus_\" src=\"https:\/\/www.atreus.de\/wp-content\/uploads\/2022\/04\/teaser-img-fuer-2-und-3-spalter-kontakt-1.jpg\" srcset=\"https:\/\/www.atreus.de\/wp-content\/uploads\/2022\/04\/teaser-img-fuer-2-und-3-spalter-kontakt-1.jpg 823w, https:\/\/www.atreus.de\/wp-content\/uploads\/2022\/04\/teaser-img-fuer-2-und-3-spalter-kontakt-1-768x578.jpg 768w, https:\/\/www.atreus.de\/wp-content\/uploads\/2022\/04\/teaser-img-fuer-2-und-3-spalter-kontakt-1-480x361.jpg 480w\" sizes=\"(max-width: 1024px) 100vw, 1024px\" style=\"aspect-ratio:823\/619 !important\" title=\"atreus_\"><\/div><div class=\"preheadline-container\"><div class=\"zw-breadcrumb-container black-color d-md-down-none\"><\/div><h1 class=\" zw-cgb headline zw-prevent-animation\">Votre lien direct avec Atreus<\/h1><\/div><\/div><\/div><\/div><\/div><div class=\"zw-breadcrumb-container black-color d-none d-md-down-block\"><nav aria-label=\"breadcrumbs\" class=\"rank-math-breadcrumb\"><p><span class=\"label\">c<\/span> <span class=\"last\">Home<\/span><\/p><\/nav><\/div>\n\n    <div  class=\"zw-cgb    infoblock default-margin black-color  \">\n      <div class=\" row\">\n        <div class=\"zw-cgb-content has-padding col-12\">\n          <div class=\"inner-content parent-has-padding\"><h2 class=\" zw-cgb headline\">Nous sommes ravis que vous souhaitiez nous contacter.<\/h2><p class=\" zw-cgb fulltext \">Commencez par indiquer si vous repr\u00e9sentez <strong>une entreprise<\/strong> ou si vous nous contactez <strong>en tant que manager de transition<\/strong>. Nous nous assurerons ainsi que votre demande soit transmise directement \u00e0 la bonne \u00e9quipe et qu&#8217;elle re\u00e7oive une r\u00e9ponse dans les meilleurs d\u00e9lais.<\/p><div class=\"link-container\"><div class=\"zw-cgb zw-cgb-button-container \"><a class=\"zw-cgb btn btn-primary \" data-zw-eventID=\"Kontaktformular Weiche FR\" href=\"https:\/\/www.atreus.de\/fr\/manager-de-transition\/\">MANAGER DE TRANSITION<\/a><a class=\"zw-cgb btn btn-primary \" data-zw-eventID=\"Kontaktformular Weiche FR\" href=\"https:\/\/www.atreus.de\/fr\/contact-entreprise\/\">ENTREPRISE<\/a><\/div><\/div><\/div>        <\/div>\n      <\/div>\n    <\/div>\n\n\n\n\n\n\n\n\n\n<p><\/p>\n","protected":false},"excerpt":{"rendered":"<div  class=\"zw-cgb header-standard-block  desktop-has-image mobile-has-image default-margin white-color content-right content-down zw-atr-portrait-pos-default zw-atr-landscape-pos-default height-default \">\n<div class=\"row\">\n<div class=\"zw-cgb-content col-12 mx-auto\">\n<div  class=\"header-standard-inner-container\">\n<div class=\"bg-image\"><span class=\"copyright-image d-none d-lg-block\">\u00a9 AfricaStudio \u2013 stock.adobe.com<\/span><img decoding=\"async\" class=\"respnsive-img d-none d-lg-block\" loading=\"lazy\" alt=\"\" src=\"https:\/\/www.atreus.de\/wp-content\/uploads\/2022\/04\/header-kontakt-1.jpg\" srcset=\"https:\/\/www.atreus.de\/wp-content\/uploads\/2022\/04\/header-kontakt-1.jpg 1920w, https:\/\/www.atreus.de\/wp-content\/uploads\/2022\/04\/header-kontakt-1-768x432.jpg 768w, https:\/\/www.atreus.de\/wp-content\/uploads\/2022\/04\/header-kontakt-1-1024x576.jpg 1024w, https:\/\/www.atreus.de\/wp-content\/uploads\/2022\/04\/header-kontakt-1-480x270.jpg 480w, https:\/\/www.atreus.de\/wp-content\/uploads\/2022\/04\/header-kontakt-1-1440x810.jpg 1440w\" sizes=\"(max-width: 1920px) 100vw, 1920px\"style='aspect-ratio:1920\/1080 !important'><span class=\"copyright-image d-lg-none d-block\">\u00a9 AfricaStudio \u2013 stock.adobe.com<\/span><img decoding=\"async\" class=\"responsive-img d-lg-none d-block\" loading=\"lazy\" alt=\"\" src=\"https:\/\/www.atreus.de\/wp-content\/uploads\/2022\/04\/teaser-img-fuer-2-und-3-spalter-kontakt-1.jpg\" srcset=\"https:\/\/www.atreus.de\/wp-content\/uploads\/2022\/04\/teaser-img-fuer-2-und-3-spalter-kontakt-1.jpg 823w, https:\/\/www.atreus.de\/wp-content\/uploads\/2022\/04\/teaser-img-fuer-2-und-3-spalter-kontakt-1-768x578.jpg 768w, https:\/\/www.atreus.de\/wp-content\/uploads\/2022\/04\/teaser-img-fuer-2-und-3-spalter-kontakt-1-480x361.jpg 480w\" sizes=\"(max-width: 1024px) 100vw, 1024px\"style='aspect-ratio:823\/619 !important'><\/div>\n<div class=\"preheadline-container\">\n<div class=\"zw-breadcrumb-container black-color d-md-down-none\"><\/div>\n<h2 class=\" zw-cgb headline zw-prevent-animation\">Votre lien direct avec Atreus<\/h2>\n<\/div>\n<\/div>\n<\/div>\n<\/div>\n<\/div>\n<div class=\"zw-breadcrumb-container black-color d-none d-md-down-block\">\n<nav aria-label=\"breadcrumbs\" class=\"rank-math-breadcrumb\">\n<p><span class=\"label\">c<\/span> <span class=\"last\">Home<\/span><\/p>\n<\/nav>\n<\/div>\n","protected":false},"author":1,"featured_media":0,"parent":0,"menu_order":910,"comment_status":"closed","ping_status":"closed","template":"","meta":{"_relevanssi_hide_post":"","_relevanssi_hide_content":"","_relevanssi_pin_for_all":"","_relevanssi_pin_keywords":"","_relevanssi_unpin_keywords":"","_relevanssi_related_keywords":"","_relevanssi_related_include_ids":"","_relevanssi_related_exclude_ids":"","_relevanssi_related_no_append":"","_relevanssi_related_not_related":"","_relevanssi_related_posts":"524329,524328,524337,524314,524345,524369","_relevanssi_noindex_reason":"","_zw_phone_override":"","footnotes":""},"competences":[],"industry-sectors":[],"class_list":["post-515580","page","type-page","status-publish","hentry"],"_links":{"self":[{"href":"https:\/\/www.atreus.de\/fr\/wp-json\/wp\/v2\/pages\/515580","targetHints":{"allow":["GET"]}}],"collection":[{"href":"https:\/\/www.atreus.de\/fr\/wp-json\/wp\/v2\/pages"}],"about":[{"href":"https:\/\/www.atreus.de\/fr\/wp-json\/wp\/v2\/types\/page"}],"author":[{"embeddable":true,"href":"https:\/\/www.atreus.de\/fr\/wp-json\/wp\/v2\/users\/1"}],"replies":[{"embeddable":true,"href":"https:\/\/www.atreus.de\/fr\/wp-json\/wp\/v2\/comments?post=515580"}],"version-history":[{"count":0,"href":"https:\/\/www.atreus.de\/fr\/wp-json\/wp\/v2\/pages\/515580\/revisions"}],"wp:attachment":[{"href":"https:\/\/www.atreus.de\/fr\/wp-json\/wp\/v2\/media?parent=515580"}],"wp:term":[{"taxonomy":"competences","embeddable":true,"href":"https:\/\/www.atreus.de\/fr\/wp-json\/wp\/v2\/competences?post=515580"},{"taxonomy":"industry-sectors","embeddable":true,"href":"https:\/\/www.atreus.de\/fr\/wp-json\/wp\/v2\/industry-sectors?post=515580"}],"curies":[{"name":"wp","href":"https:\/\/api.w.org\/{rel}","templated":true}]}}