{"id":515653,"date":"2022-03-01T11:39:26","date_gmt":"2022-03-01T10:39:26","guid":{"rendered":"https:\/\/www.atreus.de\/?page_id=515653"},"modified":"2025-02-24T11:47:44","modified_gmt":"2025-02-24T10:47:44","slug":"modele-combine-interim-et-executive-search","status":"publish","type":"page","link":"https:\/\/www.atreus.de\/fr\/competences\/service\/modele-combine-interim-et-executive-search\/","title":{"rendered":"Mod\u00e8le combin\u00e9 \u2014 Interim et Executive Search"},"content":{"rendered":"<div  class=\"zw-cgb header-standard-block is-first-block desktop-has-image mobile-has-image default-margin white-color content-left content-down zw-atr-portrait-pos-default zw-atr-landscape-pos-center-top height-default \"><div class=\"row\"><div class=\"zw-cgb-content col-12 mx-auto\"><div  class=\"header-standard-inner-container\"><div class=\"bg-image\"><span class=\"copyright-image d-none d-lg-block\">\u00a9 Maksym Dykha \u2013 stock.adobe.com<\/span><img decoding=\"async\" class=\"respnsive-img d-none d-lg-block\" loading=\"lazy\" alt=\"Kombi-Modell\" src=\"https:\/\/www.atreus.de\/wp-content\/uploads\/2022\/03\/header-kombimodell-Services-Kombi-Modell-Interim_und_Executive_Search.jpg\" srcset=\"https:\/\/www.atreus.de\/wp-content\/uploads\/2022\/03\/header-kombimodell-Services-Kombi-Modell-Interim_und_Executive_Search.jpg 1920w, https:\/\/www.atreus.de\/wp-content\/uploads\/2022\/03\/header-kombimodell-Services-Kombi-Modell-Interim_und_Executive_Search-768x432.jpg 768w, https:\/\/www.atreus.de\/wp-content\/uploads\/2022\/03\/header-kombimodell-Services-Kombi-Modell-Interim_und_Executive_Search-1024x576.jpg 1024w, https:\/\/www.atreus.de\/wp-content\/uploads\/2022\/03\/header-kombimodell-Services-Kombi-Modell-Interim_und_Executive_Search-480x270.jpg 480w, https:\/\/www.atreus.de\/wp-content\/uploads\/2022\/03\/header-kombimodell-Services-Kombi-Modell-Interim_und_Executive_Search-1440x810.jpg 1440w\" sizes=\"(max-width: 1920px) 100vw, 1920px\" style=\"aspect-ratio:1920\/1080 !important\" title=\"atreus_\"><span class=\"copyright-image d-lg-none d-block\">\u00a9 Maksym Dykha \u2013 stock.adobe.com<\/span><img decoding=\"async\" class=\"responsive-img d-lg-none d-block\" loading=\"lazy\" alt=\"Kombi-Modell\" src=\"https:\/\/www.atreus.de\/wp-content\/uploads\/2022\/03\/teaser-2u3-sp-Services-Kombi-Modell-Interim_und_Executive_Search.jpg\" srcset=\"https:\/\/www.atreus.de\/wp-content\/uploads\/2022\/03\/teaser-2u3-sp-Services-Kombi-Modell-Interim_und_Executive_Search.jpg 823w, https:\/\/www.atreus.de\/wp-content\/uploads\/2022\/03\/teaser-2u3-sp-Services-Kombi-Modell-Interim_und_Executive_Search-768x578.jpg 768w, https:\/\/www.atreus.de\/wp-content\/uploads\/2022\/03\/teaser-2u3-sp-Services-Kombi-Modell-Interim_und_Executive_Search-480x361.jpg 480w\" sizes=\"(max-width: 1024px) 100vw, 1024px\" style=\"aspect-ratio:823\/619 !important\" title=\"atreus_\"><\/div><div class=\"preheadline-container\"><div class=\"zw-breadcrumb-container black-color d-md-down-none\"><\/div><p class=\" zw-cgb preheadline zw-prevent-animation\">Une passerelle vers la solution parfaite<\/p><h1 class=\" zw-cgb headline zw-prevent-animation\">De la transition au replacement&nbsp;: les avantages du mod\u00e8le combin\u00e9 Atreus<\/h1><\/div><\/div><\/div><\/div><\/div><div class=\"zw-breadcrumb-container black-color d-none d-md-down-block\"><nav aria-label=\"breadcrumbs\" class=\"rank-math-breadcrumb\"><p><span class=\"label\">c<\/span> <span class=\"last\">Home<\/span><\/p><\/nav><\/div>\n\n    <div  class=\"zw-cgb    infoblock default-margin black-color  \">\n      <div class=\" row\">\n        <div class=\"zw-cgb-content has-padding col-12\">\n          <div class=\"inner-content parent-has-padding\"><p class=\" zw-cgb fulltext \">Les entreprises font souvent appel \u00e0 des managers de transition lorsqu\u2019une fonction hi\u00e9rarchique est devenue vacante. Dans ce cas, Atreus trouve bien s\u00fbr rapidement le manager qui convient pour le poste.<br>Mais c\u2019est justement lorsqu\u2019un poste doit \u00eatre \u00e0 nouveau occup\u00e9 de mani\u00e8re durable, c\u2019est-\u00e0-dire en tant qu\u2019emploi fixe, que la combinaison int\u00e9rim + executive search s\u2019impose. Ici, Heidrick &amp; Struggles et Atreus ont d\u00e9velopp\u00e9 ensemble le mod\u00e8le dit combin\u00e9&nbsp;: assumer sans heurts des t\u00e2ches de direction tout en recherchant le la solution parfaite pour la fonction hi\u00e9rarchique concern\u00e9e.<\/p><div class=\"link-container\"><\/div><\/div>        <\/div>\n      <\/div>\n    <\/div>\n\n\n    <div  class=\"zw-cgb    infoblock default-margin black-color  \">\n      <div class=\" row\">\n        <div class=\"zw-cgb-content has-padding col-12\">\n          <div class=\"inner-content parent-has-padding\"><h3 class=\" zw-cgb headline\">La solution parfaite sans tracas<\/h3><p class=\" zw-cgb fulltext \">En tant qu\u2019entreprise qui a besoin d\u2019une transition et qui cherche \u00e0 recruter, vous n\u2019avez besoin que d\u2019un seul interlocuteur pour le mod\u00e8le combin\u00e9&nbsp;: Atreus. Le r\u00e9sultat est un processus tr\u00e8s simple, sans interfaces superflues ni pertes d\u2019informations ou de friction. Mais le plus important est que les chances de pourvoir le poste vacant avec une pr\u00e9cision absolue augmentent de mani\u00e8re exponentielle&nbsp;!<\/p><div class=\"link-container\"><\/div><\/div>        <\/div>\n      <\/div>\n    <\/div>\n\n\n\n\n\n\n    <div  class=\"zw-cgb    infoblock default-margin black-color  \">\n      <div class=\" row\">\n        <div class=\"zw-cgb-content has-padding col-12\">\n          <div class=\"inner-content parent-has-padding\"><h3 class=\" zw-cgb headline\">Le contrat combin\u00e9<\/h3><p class=\" zw-cgb fulltext \">Le contrat combin\u00e9 d\u2019Atreus met \u00e0 profit les comp\u00e9tences du manager de transition pour trouver le candidat ad\u00e9quat pour le remplacement permanent du poste.<br>En tant que client, vous r\u00e9solvez rapidement et efficacement les d\u00e9fis pos\u00e9s par le poste vacant gr\u00e2ce \u00e0 un manager de transition d\u2019Atreus. Le manager de transition contribue ensuite \u00e0 trouver le successeur parfait gr\u00e2ce \u00e0 ses apprentissages sur la technicit\u00e9, l\u2019organisation et la culture de votre entreprise.<\/p><div class=\"link-container\"><\/div><\/div>        <\/div>\n      <\/div>\n    <\/div>\n\n\n\n    <div  class=\"zw-cgb  latestPosts default-margin \">\n      <div class=\"row zw-cgb-content\">\n        \n      <div  class=\"zw-cgb latestPostsContent px-0 col-12 post content-2-3  show-featured-image \">\n\n\n        <div class=\"image-container single-featured\"><a href = \"https:\/\/www.atreus.de\/fr\/communique-de-presse\/heidrick-struggles-acquiert-atreus\/\"><img decoding=\"async\" loading=\"lazy\" width=\"290\" height=\"251\" alt=\"Atreus\" src=\"https:\/\/www.atreus.de\/wp-content\/themes\/zw-atr-theme\/assets\/images\/Platzhalter.jpg\" title=\"atreus_\"><\/a><\/div><div class=\"image-container double-featured\"><a href = \"https:\/\/www.atreus.de\/fr\/communique-de-presse\/heidrick-struggles-acquiert-atreus\/\"><img decoding=\"async\" loading=\"lazy\" width=\"290\" height=\"251\" alt=\"Atreus\" src=\"https:\/\/www.atreus.de\/wp-content\/themes\/zw-atr-theme\/assets\/images\/Platzhalter.jpg\" title=\"atreus_\"><\/a><\/div>        <div class=\"content-container has-excerpt posttype-post blue-400 white-color\">\n          <div class=\"preheadline-container parent-has-padding\"><p class=\"zw-cgb preheadline\">Communiqu\u00e9 de presse<\/p><\/div><a href = \"https:\/\/www.atreus.de\/fr\/communique-de-presse\/heidrick-struggles-acquiert-atreus\/\"><h2 class=\" zw-cgb headline\">Heidrick &amp; Struggles acquiert Atreus<\/h2><\/a><p class=\" zw-cgb fulltext\">MUNICH, 2 f\u00e9vrier 2023 \u2014 En concluant avec succ\u00e8s cette acquisition, la soci\u00e9t\u00e9 cot\u00e9e en bourse Heidrick &#038; Struggles (Nasdaq\u00a0: HSII), l\u2019un des principaux fournisseurs de services de conseil en leadership mondial et de solutions de gestion des talents \u00e0 la demande, dont le &#8230;<\/p><div class=\"post-meta-info-container\"><div class=\"post-read-time\"><p class=\"zw-cgb fulltext\"><i class=\"far fa-clock\"><\/i>4 temps de lecture min<\/p><\/div><div class=\"post-rating-container d-none\"><!-- FeedbackWP Plugin - Results Widget --><div  class=\"rmp-results-widget js-rmp-results-widget js-rmp-results-widget--524328 \"  data-post-id=\"524328\">  <div class=\"rmp-results-widget__visual-rating\">    <i class=\"js-rmp-results-icon rmp-icon rmp-icon--ratings rmp-icon--star \"><\/i><i class=\"js-rmp-results-icon rmp-icon rmp-icon--ratings rmp-icon--star \"><\/i><i class=\"js-rmp-results-icon rmp-icon rmp-icon--ratings rmp-icon--star \"><\/i><i class=\"js-rmp-results-icon rmp-icon rmp-icon--ratings rmp-icon--star \"><\/i><i class=\"js-rmp-results-icon rmp-icon rmp-icon--ratings rmp-icon--star \"><\/i>  <\/div>  <div class=\"rmp-results-widget__avg-rating\">    <span class=\"js-rmp-avg-rating\">          <\/span>  <\/div>  <div class=\"rmp-results-widget__vote-count\">    (<span class=\"js-rmp-vote-count\"><\/span>)  <\/div><\/div> <\/div><div class=\"post-social-share\"><div class=\"zw-social-share dropdown show\">\r\n        <a class=\"zw-social-share-toggler\" href=\"#\" role=\"button\" id=\"dropdownMenuLink\" data-toggle=\"dropdown\" aria-haspopup=\"true\" aria-expanded=\"false\">\r\n        <i class=\"fas fa-share-alt\"><\/i><span class=\"zw-share-meta\">Partager<\/span>\r\n        <\/a>\r\n        <div class=\"zw-share-dropdown-menu dropdown-menu\" aria-labelledby=\"dropdownMenuLink\"><div class=\"dropdown-inner\"><p class=\"zw-share-heading fulltext\">Partager<\/p><a class=\"zw-social-share-toggler fulltext\" href=\"#\" role=\"button\" id=\"dropdownMenuLink\" data-toggle=\"dropdown\" aria-label=\"Close\">\u2715<\/a><div class=\"social-inner-icons\"><a class=\"dropdown-item \" target=\"_blank\" rel=\"nofollow\" href=\"https:\/\/www.linkedin.com\/cws\/share?url=https%3A%2F%2Fwww.atreus.de%2Ffr%2Fcommunique-de-presse%2Fheidrick-struggles-acquiert-atreus%2F&amp;title=Heidrick+%26amp%3B+Struggles+acquiert+Atreus\"><i class=\"fab fa-linkedin fa-fw\"><\/i><\/a><a class=\"dropdown-item \" target=\"_blank\" rel=\"nofollow\" href=\"https:\/\/www.xing.com\/spi\/shares\/new?url=https%3A%2F%2Fwww.atreus.de%2Ffr%2Fcommunique-de-presse%2Fheidrick-struggles-acquiert-atreus%2F\"><i class=\"fab fa-xing fa-fw\"><\/i><\/a><a class=\"dropdown-item \" target=\"_blank\" rel=\"nofollow\" href=\"https:\/\/www.facebook.com\/sharer\/sharer.php?u=https%3A%2F%2Fwww.atreus.de%2Ffr%2Fcommunique-de-presse%2Fheidrick-struggles-acquiert-atreus%2F&amp;t=Heidrick+%26amp%3B+Struggles+acquiert+Atreus\"><i class=\"fab fa-facebook-square fa-fw\"><\/i><\/a><a class=\"dropdown-item \"  target=\"_blank\" rel=\"nofollow\" href=\"https:\/\/twitter.com\/intent\/tweet?url=https%3A%2F%2Fwww.atreus.de%2Ffr%2Fcommunique-de-presse%2Fheidrick-struggles-acquiert-atreus%2F&amp;text=Heidrick+%26amp%3B+Struggles+acquiert+Atreus\"><i class=\"fab fa-twitter fa-fw\"><\/i><\/a>  <\/div><\/div><\/div>\r\n    <\/div><\/div><\/div><div class=\"zw-cgb zw-cgb-button-container \"><a href=\"https:\/\/www.atreus.de\/fr\/communique-de-presse\/heidrick-struggles-acquiert-atreus\/\" class=\"zw-cgb btn btn-primary \">Lire la suite<\/a><\/div>        <\/div>\n            <\/div>\n      <div class=\"zw-spacer px-0\"><\/div>\n        <\/div>\n    <\/div>\n\n","protected":false},"excerpt":{"rendered":"<div  class=\"zw-cgb header-standard-block  desktop-has-image mobile-has-image default-margin white-color content-left content-down zw-atr-portrait-pos-default zw-atr-landscape-pos-center-top height-default \">\n<div class=\"row\">\n<div class=\"zw-cgb-content col-12 mx-auto\">\n<div  class=\"header-standard-inner-container\">\n<div class=\"bg-image\"><span class=\"copyright-image d-none d-lg-block\">\u00a9 Maksym Dykha \u2013 stock.adobe.com<\/span><img decoding=\"async\" class=\"respnsive-img d-none d-lg-block\" loading=\"lazy\" alt=\"Kombi-Modell\" src=\"https:\/\/www.atreus.de\/wp-content\/uploads\/2022\/03\/header-kombimodell-Services-Kombi-Modell-Interim_und_Executive_Search.jpg\" srcset=\"https:\/\/www.atreus.de\/wp-content\/uploads\/2022\/03\/header-kombimodell-Services-Kombi-Modell-Interim_und_Executive_Search.jpg 1920w, https:\/\/www.atreus.de\/wp-content\/uploads\/2022\/03\/header-kombimodell-Services-Kombi-Modell-Interim_und_Executive_Search-768x432.jpg 768w, https:\/\/www.atreus.de\/wp-content\/uploads\/2022\/03\/header-kombimodell-Services-Kombi-Modell-Interim_und_Executive_Search-1024x576.jpg 1024w, https:\/\/www.atreus.de\/wp-content\/uploads\/2022\/03\/header-kombimodell-Services-Kombi-Modell-Interim_und_Executive_Search-480x270.jpg 480w, https:\/\/www.atreus.de\/wp-content\/uploads\/2022\/03\/header-kombimodell-Services-Kombi-Modell-Interim_und_Executive_Search-1440x810.jpg 1440w\" sizes=\"(max-width: 1920px) 100vw, 1920px\"style='aspect-ratio:1920\/1080 !important'><span class=\"copyright-image d-lg-none d-block\">\u00a9 Maksym Dykha \u2013 stock.adobe.com<\/span><img decoding=\"async\" class=\"responsive-img d-lg-none d-block\" loading=\"lazy\" alt=\"Kombi-Modell\" src=\"https:\/\/www.atreus.de\/wp-content\/uploads\/2022\/03\/teaser-2u3-sp-Services-Kombi-Modell-Interim_und_Executive_Search.jpg\" srcset=\"https:\/\/www.atreus.de\/wp-content\/uploads\/2022\/03\/teaser-2u3-sp-Services-Kombi-Modell-Interim_und_Executive_Search.jpg 823w, https:\/\/www.atreus.de\/wp-content\/uploads\/2022\/03\/teaser-2u3-sp-Services-Kombi-Modell-Interim_und_Executive_Search-768x578.jpg 768w, https:\/\/www.atreus.de\/wp-content\/uploads\/2022\/03\/teaser-2u3-sp-Services-Kombi-Modell-Interim_und_Executive_Search-480x361.jpg 480w\" sizes=\"(max-width: 1024px) 100vw, 1024px\"style='aspect-ratio:823\/619 !important'><\/div>\n<div class=\"preheadline-container\">\n<div class=\"zw-breadcrumb-container black-color d-md-down-none\"><\/div>\n<p class=\" zw-cgb preheadline zw-prevent-animation\">Une passerelle vers la solution parfaite<\/p>\n<h2 class=\" zw-cgb headline zw-prevent-animation\">De la transition au replacement&nbsp;: les avantages du mod\u00e8le combin\u00e9 Atreus<\/h2>\n<\/div>\n<\/div>\n<\/div>\n<\/div>\n<\/div>\n<div class=\"zw-breadcrumb-container black-color d-none d-md-down-block\">\n<nav aria-label=\"breadcrumbs\" class=\"rank-math-breadcrumb\">\n<p><span class=\"label\">c<\/span> <span class=\"last\">Home<\/span><\/p>\n<\/nav>\n<\/div>\n","protected":false},"author":1,"featured_media":6500,"parent":515542,"menu_order":8,"comment_status":"closed","ping_status":"closed","template":"","meta":{"_relevanssi_hide_post":"","_relevanssi_hide_content":"","_relevanssi_pin_for_all":"","_relevanssi_pin_keywords":"","_relevanssi_unpin_keywords":"","_relevanssi_related_keywords":"","_relevanssi_related_include_ids":"","_relevanssi_related_exclude_ids":"","_relevanssi_related_no_append":"","_relevanssi_related_not_related":"","_relevanssi_related_posts":"524328,524329,524369,524337,524314,524345","_relevanssi_noindex_reason":"","_zw_phone_override":"","footnotes":""},"competences":[690],"industry-sectors":[],"class_list":["post-515653","page","type-page","status-publish","has-post-thumbnail","hentry","competences-modele-combine"],"_links":{"self":[{"href":"https:\/\/www.atreus.de\/fr\/wp-json\/wp\/v2\/pages\/515653","targetHints":{"allow":["GET"]}}],"collection":[{"href":"https:\/\/www.atreus.de\/fr\/wp-json\/wp\/v2\/pages"}],"about":[{"href":"https:\/\/www.atreus.de\/fr\/wp-json\/wp\/v2\/types\/page"}],"author":[{"embeddable":true,"href":"https:\/\/www.atreus.de\/fr\/wp-json\/wp\/v2\/users\/1"}],"replies":[{"embeddable":true,"href":"https:\/\/www.atreus.de\/fr\/wp-json\/wp\/v2\/comments?post=515653"}],"version-history":[{"count":0,"href":"https:\/\/www.atreus.de\/fr\/wp-json\/wp\/v2\/pages\/515653\/revisions"}],"up":[{"embeddable":true,"href":"https:\/\/www.atreus.de\/fr\/wp-json\/wp\/v2\/pages\/515542"}],"wp:featuredmedia":[{"embeddable":true,"href":"https:\/\/www.atreus.de\/fr\/wp-json\/wp\/v2\/media\/6500"}],"wp:attachment":[{"href":"https:\/\/www.atreus.de\/fr\/wp-json\/wp\/v2\/media?parent=515653"}],"wp:term":[{"taxonomy":"competences","embeddable":true,"href":"https:\/\/www.atreus.de\/fr\/wp-json\/wp\/v2\/competences?post=515653"},{"taxonomy":"industry-sectors","embeddable":true,"href":"https:\/\/www.atreus.de\/fr\/wp-json\/wp\/v2\/industry-sectors?post=515653"}],"curies":[{"name":"wp","href":"https:\/\/api.w.org\/{rel}","templated":true}]}}