{"id":515683,"date":"2022-04-08T10:53:37","date_gmt":"2022-04-08T08:53:37","guid":{"rendered":"https:\/\/www.atreus.de\/?page_id=515683"},"modified":"2024-09-30T16:10:27","modified_gmt":"2024-09-30T14:10:27","slug":"journees-de-coaching-a-cademy-2023","status":"publish","type":"page","link":"https:\/\/www.atreus.de\/fr\/publications-et-evenements\/evenements\/journees-de-coaching-a-cademy-2023\/","title":{"rendered":"Journ\u00e9es de coaching A\u00b7cademy 2023"},"content":{"rendered":"<div  class=\"zw-cgb header-standard-block is-first-block desktop-has-image mobile-has-image default-margin white-color content-right content-down zw-atr-portrait-pos-default zw-atr-landscape-pos-default height-default \"><div class=\"row\"><div class=\"zw-cgb-content col-12 mx-auto\"><div  class=\"header-standard-inner-container\"><div class=\"bg-image\"><span class=\"copyright-image d-none d-lg-block\">@insta_photos &#8211; stock.adobe.com<\/span><img decoding=\"async\" class=\"respnsive-img d-none d-lg-block\" loading=\"lazy\" alt=\"atreus_\" src=\"https:\/\/www.atreus.de\/wp-content\/uploads\/2023\/03\/header-20230306-a.cademy.jpg\" srcset=\"https:\/\/www.atreus.de\/wp-content\/uploads\/2023\/03\/header-20230306-a.cademy.jpg 1920w, https:\/\/www.atreus.de\/wp-content\/uploads\/2023\/03\/header-20230306-a.cademy-768x432.jpg 768w, https:\/\/www.atreus.de\/wp-content\/uploads\/2023\/03\/header-20230306-a.cademy-1024x576.jpg 1024w, https:\/\/www.atreus.de\/wp-content\/uploads\/2023\/03\/header-20230306-a.cademy-480x270.jpg 480w, https:\/\/www.atreus.de\/wp-content\/uploads\/2023\/03\/header-20230306-a.cademy-1440x810.jpg 1440w\" sizes=\"(max-width: 1920px) 100vw, 1920px\" style=\"aspect-ratio:1920\/1080 !important\" title=\"atreus_\"><span class=\"copyright-image d-lg-none d-block\"><\/span><img decoding=\"async\" class=\"responsive-img d-lg-none d-block\" loading=\"lazy\" alt=\"atreus_\" src=\"https:\/\/www.atreus.de\/wp-content\/uploads\/2023\/03\/teaser-img-fuer-2-und-3-spalter-20230306-a.cademy.jpg\" srcset=\"https:\/\/www.atreus.de\/wp-content\/uploads\/2023\/03\/teaser-img-fuer-2-und-3-spalter-20230306-a.cademy.jpg 823w, https:\/\/www.atreus.de\/wp-content\/uploads\/2023\/03\/teaser-img-fuer-2-und-3-spalter-20230306-a.cademy-768x578.jpg 768w, https:\/\/www.atreus.de\/wp-content\/uploads\/2023\/03\/teaser-img-fuer-2-und-3-spalter-20230306-a.cademy-480x361.jpg 480w\" sizes=\"(max-width: 1024px) 100vw, 1024px\" style=\"aspect-ratio:823\/619 !important\" title=\"atreus_\"><\/div><div class=\"preheadline-container\"><div class=\"zw-breadcrumb-container black-color d-md-down-none\"><\/div><p class=\" zw-cgb preheadline zw-prevent-animation\">Bien coach\u00e9<\/p><h1 class=\" zw-cgb headline zw-prevent-animation\">Journ\u00e9es de coaching A\u00b7cademy 2023<\/h1><\/div><\/div><\/div><\/div><\/div><div class=\"zw-breadcrumb-container black-color d-none d-md-down-block\"><nav aria-label=\"breadcrumbs\" class=\"rank-math-breadcrumb\"><p><span class=\"label\">c<\/span> <span class=\"last\">Home<\/span><\/p><\/nav><\/div>    <div  class=\"zw-cgb    infoblock default-margin black-color  \">\n      <div class=\" row\">\n        <div class=\"zw-cgb-content has-padding col-12\">\n          <div class=\"inner-content parent-has-padding\"><p class=\" zw-cgb fulltext \">Die Mission der A\u00b7cademy: Sie beim Erreichen Ihrer Ziele im professionellen Interim Management zu begleiten. Wie wir das tun: Wir teilen unsere Erfahrungen aus \u00fcber 15 Jahren erfolgreicher Arbeit mit Managern und Kunden. Wir gehen auf Ihre Themen und Fragen zur Zusammenarbeit mit Atreus und unseren Kunden individuell ein.<\/p><p class=\" zw-cgb fulltext \">Es geht oft um Feinheiten, wenn es darum geht, ein Mandat zu gewinnen. Wir helfen Ihnen, sich neben Ihrer fachlichen Perspektive zus\u00e4tzlich als gefragt:e Interim Manager:in zu positionieren.<\/p><div class=\"link-container\"><\/div><\/div>        <\/div>\n      <\/div>\n    <\/div>\n\r\n    <div  class=\"zw-cgb  intern-zitat-style  zitat-block black-color default-margin default-padding \">\r\n      <div class=\"row zitat-row\">\r\n        <div class=\" image-container g-0 order-1  col-menu-5 col-12 \">\r\n          <a href=\"https:\/\/www.atreus.de\/team\/harald-smolak\/\">          <div class=\"img-with-gradient\">\r\n\r\n            <span class=\"copyright-image\"><\/span><img decoding=\"async\" loading=\"lazy\" alt=\"atreus_\" src=\"https:\/\/www.atreus.de\/wp-content\/uploads\/2023\/07\/smo-ha-v2.png\" srcset=\"https:\/\/www.atreus.de\/wp-content\/uploads\/2023\/07\/smo-ha-v2.png 555w, https:\/\/www.atreus.de\/wp-content\/uploads\/2023\/07\/smo-ha-v2-480x600.png 480w\" sizes=\"(max-width: 1024px) 100vw, 1024px\" style=\"aspect-ratio:555\/694 !important\" title=\"atreus_\">            <div class=\"linear-gradient-container\"><\/div>\r\n          <\/div>\r\n\r\n\r\n\r\n          <div class=\"zitat-img-text-container\"><div class=\"zitat-name-container fulltext\"><span>Harald  Smolak<\/span><\/div><div class=\"zitat-discription-container fulltext\"><span>Direktor<\/span><\/div><\/div>          <\/a>        <\/div>\r\n        <div class=\"g-0 zitat-text-container order-2 col-menu-7 col-12 \">\r\n          <div class=\"zitat-text\"><span class=\"zitat-start-icon atreus-font\">D<\/span><p class=\"zw-cgb fulltext\">\u201eVous souhaitez r\u00e9ussir en tant que manager de la transition&nbsp;? Avec notre A\u00b7cademy, nous vous soutenons dans cette d\u00e9marche.\u201c<\/p><\/div>                  <\/div>\r\n\r\n      <\/div>\r\n    <\/div>\r\n\n<div style=\"height:100px\" aria-hidden=\"true\" class=\"wp-block-spacer\"><\/div>\n    <div  class=\"zw-cgb  change-padding  infoblock default-margin black-color  \">\n      <div class=\" row\">\n        <div class=\"zw-cgb-content has-padding col-12\">\n          <div class=\"preheadline-container parent-has-padding\"><p class=\" zw-cgb preheadline ' .  . '\">Nous abordons les th\u00e8mes suivants&nbsp;:<\/p><\/div><div class=\"inner-content parent-has-padding\"><div class=\"link-container\"><\/div><\/div>        <\/div>\n      <\/div>\n    <\/div>\n<div id=\"parent89757\"class=\"zw-cgb halb-halb-headline-text-block-135 default-margin \"><div class=\"row\">    <!--  block -->\n    <div class=\"half-content has-padding col-lg-6 col-12 leftBlock order-1 blue-400 white-color no-icon no-headline \"><div class=\"content-container\"><div class=\"inner-content parent-has-padding\"><ul class=\"zw-cgb-ul fulltext \"><li class=\"\">Wie gewinne ich mehr Projekte?<\/li><li class=\"\">Wie kann ich mein Profil sch\u00e4rfen?<\/li><li class=\"\">Wie kann ich mich optimal f\u00fcr eine Kundenpr\u00e4sentation vorbereiten?<\/li><li class=\"\">Wie positioniere ich mich optimal im Wettbewerb?<\/li><\/ul><div class=\"link-container\"><\/div><\/div><\/div><\/div>    <!--  block -->\n    <div class=\"half-content has-padding col-lg-6 col-12 rightBlock order-2 blue-900 white-color no-icon no-headline \"><div class=\"content-container\"><div class=\"inner-content parent-has-padding\"><ul class=\"zw-cgb-ul fulltext \"><li class=\"\">Was ist f\u00fcr eine erfolgreiche Zusammenarbeit<br>bspw. mit Atreus wichtig?<\/li><li class=\"\">Welche rechtlichen Aspekte sollte ich<br>als Interim Manager:in ber\u00fccksichtigen?<\/li><li class=\"\">Was sollte ich hinsichtlich Arbeitnehmer\u00fcberlassung<br>bzw. Scheinselbstst\u00e4ndigkeit wissen?<\/li><\/ul><div class=\"link-container\"><\/div><\/div><\/div><\/div><\/div><\/div>    <div  class=\"zw-cgb    infoblock default-margin black-color  \">\n      <div class=\" row\">\n        <div class=\"zw-cgb-content has-padding col-12\">\n          <div class=\"inner-content parent-has-padding\"><h2 class=\" zw-cgb headline\">Autres questions importantes pour les participants.<\/h2><p class=\" zw-cgb fulltext \">Unser Ziel ist es, dass das Wissen von Atreus und des Atreus Netzwerks gewinnbringend in Ihre Projektarbeit einflie\u00dft. Dieser Ansatz ist einzigartig im Markt. Er verbindet langj\u00e4hrige Erfahrung mit erfolgsorientierter Umsetzungsst\u00e4rke und einem innovativen Coaching-Ansatz.<\/p><div class=\"link-container\"><\/div><\/div>        <\/div>\n      <\/div>\n    <\/div>\n<div  class=\"zw-cgb  sidebarblock default-margin \">\r\n      <div class=\"row\">\r\n        \r\n\t\t<div class=\"zw-cgb global-widget left  white-color  no-margin\">\r\n\t\t\t\t\t\t\t<div class=\"bg-img-container\">\r\n\t\t\t\t\t<img decoding=\"async\" loading=\"lazy\" width=\"1920\" height=\"720\" src=\"https:\/\/www.atreus.de\/wp-content\/uploads\/2022\/03\/widget-diversity-02.jpg\" style=\"aspect-ratio:1920\/720 !important\" alt=\"atreus_\" title=\"atreus_\">\t\t\t\t<\/div>\r\n\t\t\t\t\t\t<div class=\"inner-container bg-blue\">\r\n\t\t\t\t      <div class=\"headlinetwo-container\">\r\n\t\t<p class=\"zw-cgb headline two\">Les managers d\u2019Atreus sont des connaisseurs, des experts, des faiseurs. <\/p>\r\n\t  <\/div> \t\t\t\t<div class=\"widget-content fulltext\">\r\n\r\n\t\t\t\t\t\t<p><span class=\"NormalTextRun SCXW217996184 BCX8\">Pour Atreus, la diversit\u00e9 est aussi naturelle que le traitement respectueux de chaque personne. Quand nous parlons de managers <\/span><span class=\"NormalTextRun SCXW217996184 BCX8\">Atreus ou de managers <\/span><span class=\"NormalTextRun SCXW217996184 BCX8\">de transition<\/span><span class=\"NormalTextRun SCXW217996184 BCX8\">, nous parlons d<\/span><span class=\"NormalTextRun SCXW217996184 BCX8\">\u2019<\/span><span class=\"NormalTextRun SCXW217996184 BCX8\">hommes et de femmes d<\/span><span class=\"NormalTextRun SCXW217996184 BCX8\">\u2019<\/span><span class=\"NormalTextRun SCXW217996184 BCX8\">action Atreus et de la ressourc<\/span><span class=\"NormalTextRun SCXW217996184 BCX8\">e<\/span><span class=\"NormalTextRun SCXW217996184 BCX8\"> parfaite<\/span><span class=\"NormalTextRun SCXW217996184 BCX8\"> pour la gestion de transition<\/span><span class=\"NormalTextRun SCXW217996184 BCX8\"> (h\/f).<\/span><\/p>\n\r\n\r\n\t\t\t\t<\/div>\r\n\t\t\t\t\t\t\t\t\t\t\t<\/div>\r\n\t\t<\/div>\r\n\t<\/div><\/div>    \n    <div  class=\"zw-cgb  textblock black-color zw-content-pos-center  default-margin \">\n      <div class=\"row\">\n        <div class=\"zw-cgb-content col-12 g-0\">\n          <h2 class=\"zw-cgb headline \">Die n\u00e4chsten Workshop-Termine:<\/h2><ul class=\"zw-cgb-ul fulltext \"><li class=\"\">19. Dezember 2023, 16-18 Uhr<\/li><li class=\"\">04. Januar 2024, 9-11 Uhr<\/li><li class=\"\">23. Januar 2024, 16-18 Uhr<\/li><\/ul><p class=\" zw-cgb fulltext \"><strong>Weitere Workshop-Termine f\u00fcr 2024 werden in K\u00fcrze hier ver\u00f6ffentlicht. <\/strong><\/p><p class=\" zw-cgb fulltext \">Alle digitalen Events sind kostenfrei. Melden Sie sich jetzt zu einem Ihrer Wunschtermine an:<\/p><p class=\" zw-cgb fulltext \"><\/p><div class=\"zw-cgb unspecified\">\n    <div  class=\"zw-cgb  buttonBlock black-color default-margin \">\n      <div class=\"row\">\n        <div class=\"col-12 g-0\">\n          <div class=\"zw-button-container center\"><div class=\"zw-cgb zw-cgb-button-container \"><a class=\"zw-cgb btn btn-primary \" href=\"https:\/\/www.atreus.de\/anmeldung-academy-termin-19-dezember-2023\/\">Anmeldung Termin  19. Dezember 2023<\/a><\/div><\/div>        <\/div>\n      <\/div>\n    <\/div>\n\n<\/div><div class=\"zw-cgb unspecified\">\n    <div  class=\"zw-cgb  buttonBlock black-color default-margin \">\n      <div class=\"row\">\n        <div class=\"col-12 g-0\">\n          <div class=\"zw-button-container center\"><div class=\"zw-cgb zw-cgb-button-container \"><a class=\"zw-cgb btn btn-primary \" href=\"https:\/\/www.atreus.de\/interim-manager\/a-cademy\/anmeldung-a-cademy-termin-04-janauar-2024\/\">Anmeldung Termin 04. Januar 2024<\/a><\/div><\/div>        <\/div>\n      <\/div>\n    <\/div>\n\n<\/div><div class=\"zw-cgb unspecified\">\n    <div  class=\"zw-cgb  buttonBlock black-color default-margin \">\n      <div class=\"row\">\n        <div class=\"col-12 g-0\">\n          <div class=\"zw-button-container center\"><div class=\"zw-cgb zw-cgb-button-container \"><a class=\"zw-cgb btn btn-primary \" href=\"https:\/\/www.atreus.de\/interim-manager\/a-cademy\/anmeldung-academy-termin-23-januar-2024\/\">Anmeldung Termin 23. Januar 2024<\/a><\/div><\/div>        <\/div>\n      <\/div>\n    <\/div>\n\n<\/div><div class=\"zw-cgb unspecified\"><\/div><div class=\"zw-cgb unspecified\"><\/div><div class=\"zw-cgb unspecified\"><\/div><div class=\"zw-cgb unspecified\"><\/div><div class=\"zw-cgb unspecified\"><\/div><p class=\" zw-cgb fulltext \"><\/p>        <\/div>\n      <\/div>\n    <\/div>\n\n","protected":false},"excerpt":{"rendered":"<div  class=\"zw-cgb header-standard-block  desktop-has-image mobile-has-image default-margin white-color content-right content-down zw-atr-portrait-pos-default zw-atr-landscape-pos-default height-default \">\n<div class=\"row\">\n<div class=\"zw-cgb-content col-12 mx-auto\">\n<div  class=\"header-standard-inner-container\">\n<div class=\"bg-image\"><span class=\"copyright-image d-none d-lg-block\">@insta_photos &#8211; stock.adobe.com<\/span><img decoding=\"async\" class=\"respnsive-img d-none d-lg-block\" loading=\"lazy\" alt=\"\" src=\"https:\/\/www.atreus.de\/wp-content\/uploads\/2023\/03\/header-20230306-a.cademy.jpg\" srcset=\"https:\/\/www.atreus.de\/wp-content\/uploads\/2023\/03\/header-20230306-a.cademy.jpg 1920w, https:\/\/www.atreus.de\/wp-content\/uploads\/2023\/03\/header-20230306-a.cademy-768x432.jpg 768w, https:\/\/www.atreus.de\/wp-content\/uploads\/2023\/03\/header-20230306-a.cademy-1024x576.jpg 1024w, https:\/\/www.atreus.de\/wp-content\/uploads\/2023\/03\/header-20230306-a.cademy-480x270.jpg 480w, https:\/\/www.atreus.de\/wp-content\/uploads\/2023\/03\/header-20230306-a.cademy-1440x810.jpg 1440w\" sizes=\"(max-width: 1920px) 100vw, 1920px\"style='aspect-ratio:1920\/1080 !important'><span class=\"copyright-image d-lg-none d-block\"><\/span><img decoding=\"async\" class=\"responsive-img d-lg-none d-block\" loading=\"lazy\" alt=\"\" src=\"https:\/\/www.atreus.de\/wp-content\/uploads\/2023\/03\/teaser-img-fuer-2-und-3-spalter-20230306-a.cademy.jpg\" srcset=\"https:\/\/www.atreus.de\/wp-content\/uploads\/2023\/03\/teaser-img-fuer-2-und-3-spalter-20230306-a.cademy.jpg 823w, https:\/\/www.atreus.de\/wp-content\/uploads\/2023\/03\/teaser-img-fuer-2-und-3-spalter-20230306-a.cademy-768x578.jpg 768w, https:\/\/www.atreus.de\/wp-content\/uploads\/2023\/03\/teaser-img-fuer-2-und-3-spalter-20230306-a.cademy-480x361.jpg 480w\" sizes=\"(max-width: 1024px) 100vw, 1024px\"style='aspect-ratio:823\/619 !important'><\/div>\n<div class=\"preheadline-container\">\n<div class=\"zw-breadcrumb-container black-color d-md-down-none\"><\/div>\n<p class=\" zw-cgb preheadline zw-prevent-animation\">Bien coach\u00e9<\/p>\n<h2 class=\" zw-cgb headline zw-prevent-animation\">Journ\u00e9es de coaching A\u00b7cademy 2023<\/h2>\n<\/div>\n<\/div>\n<\/div>\n<\/div>\n<\/div>\n<div class=\"zw-breadcrumb-container black-color d-none d-md-down-block\">\n<nav aria-label=\"breadcrumbs\" class=\"rank-math-breadcrumb\">\n<p><span class=\"label\">c<\/span> <span class=\"last\">Home<\/span><\/p>\n<\/nav>\n<\/div>\n","protected":false},"author":7,"featured_media":14825,"parent":515622,"menu_order":0,"comment_status":"closed","ping_status":"closed","template":"","meta":{"_relevanssi_hide_post":"","_relevanssi_hide_content":"","_relevanssi_pin_for_all":"","_relevanssi_pin_keywords":"","_relevanssi_unpin_keywords":"","_relevanssi_related_keywords":"","_relevanssi_related_include_ids":"","_relevanssi_related_exclude_ids":"","_relevanssi_related_no_append":"","_relevanssi_related_not_related":"","_relevanssi_related_posts":"524314,524329,524337,524345,524369","_relevanssi_noindex_reason":"","_zw_phone_override":"","footnotes":""},"competences":[],"industry-sectors":[],"class_list":["post-515683","page","type-page","status-publish","has-post-thumbnail","hentry"],"_links":{"self":[{"href":"https:\/\/www.atreus.de\/fr\/wp-json\/wp\/v2\/pages\/515683","targetHints":{"allow":["GET"]}}],"collection":[{"href":"https:\/\/www.atreus.de\/fr\/wp-json\/wp\/v2\/pages"}],"about":[{"href":"https:\/\/www.atreus.de\/fr\/wp-json\/wp\/v2\/types\/page"}],"author":[{"embeddable":true,"href":"https:\/\/www.atreus.de\/fr\/wp-json\/wp\/v2\/users\/7"}],"replies":[{"embeddable":true,"href":"https:\/\/www.atreus.de\/fr\/wp-json\/wp\/v2\/comments?post=515683"}],"version-history":[{"count":0,"href":"https:\/\/www.atreus.de\/fr\/wp-json\/wp\/v2\/pages\/515683\/revisions"}],"up":[{"embeddable":true,"href":"https:\/\/www.atreus.de\/fr\/wp-json\/wp\/v2\/pages\/515622"}],"wp:featuredmedia":[{"embeddable":true,"href":"https:\/\/www.atreus.de\/fr\/wp-json\/wp\/v2\/media\/14825"}],"wp:attachment":[{"href":"https:\/\/www.atreus.de\/fr\/wp-json\/wp\/v2\/media?parent=515683"}],"wp:term":[{"taxonomy":"competences","embeddable":true,"href":"https:\/\/www.atreus.de\/fr\/wp-json\/wp\/v2\/competences?post=515683"},{"taxonomy":"industry-sectors","embeddable":true,"href":"https:\/\/www.atreus.de\/fr\/wp-json\/wp\/v2\/industry-sectors?post=515683"}],"curies":[{"name":"wp","href":"https:\/\/api.w.org\/{rel}","templated":true}]}}