{"id":621885,"date":"2022-02-16T11:31:22","date_gmt":"2022-02-16T10:31:22","guid":{"rendered":"https:\/\/www.atreus.de\/?page_id=621885"},"modified":"2024-10-28T07:58:03","modified_gmt":"2024-10-28T06:58:03","slug":"industries","status":"publish","type":"page","link":"https:\/\/www.atreus.de\/fr\/industries\/","title":{"rendered":"Industries"},"content":{"rendered":"<div  class=\"zw-cgb header-standard-block is-first-block desktop-header-standard mobile-header-standard default-margin black-color content-left content-down zw-atr-portrait-pos-default zw-atr-landscape-pos-default height-small \"><div class=\"row\"><div class=\"zw-cgb-content col-12 mx-auto\"><div  class=\"header-standard-inner-container\"><div class=\"bg-image\"><\/div><div class=\"zw-breadcrumb-container black-color d-md-block d-none\"><nav aria-label=\"breadcrumbs\" class=\"rank-math-breadcrumb\"><p><span class=\"label\">c<\/span> <span class=\"last\">Home<\/span><\/p><\/nav><\/div><div class=\"preheadline-container\"><p class=\" zw-cgb preheadline zw-prevent-animation\">V\u00e9rification !<\/p><h1 class=\" zw-cgb headline zw-prevent-animation\">Expertise sectorielle<\/h1><\/div><\/div><\/div><\/div><\/div>\n\n\n    <div  class=\"zw-cgb  textblock black-color zw-content-pos-center  default-margin \">\n      <div class=\"row\">\n        <div class=\"zw-cgb-content col-12 g-0\">\n          <p class=\" zw-cgb fulltext \">Les directeurs et les managers d&#8217;Atreus ma\u00eetrisent leur m\u00e9tier \u2013 et celui de leurs clients. Pourquoi&nbsp;? Parce qu&#8217;ils ont eux-m\u00eames \u00e9t\u00e9 actifs dans leurs industries pendant des ann\u00e9es avec un succ\u00e8s av\u00e9r\u00e9. Du CxO au chef de secteur avec statut d&#8217;expert.<\/p><p class=\" zw-cgb fulltext \">En tant que personnalit\u00e9s capables de mettre en \u0153uvre, nos experts saisissent les missions les plus complexes comme autant d&#8217;occasions d&#8217;obtenir des r\u00e9sultats impressionnants pour nos clients.<\/p>        <\/div>\n      <\/div>\n    <\/div>\n\n\n\n\r\n    <div  class=\"zw-cgb  aggregatorenseitens white-color default-margin \">\r\n      <div class=\"zw-cgb-content row\">\r\n        <div class=\"single-blog-post col-menu-4 col-md-6 col-12 \" id=\"post-id-548464\"><div class=\"img-container\"><span class=\"copyright-image\">\u00a9 phonlamaiphoto \u2013 stock.adobe.com<\/span><img decoding=\"async\" loading=\"lazy\" alt=\"Automotive Branche\" src=\"https:\/\/www.atreus.de\/wp-content\/uploads\/2022\/03\/teaser-2u3-sp-Automotive.jpg\" srcset=\"https:\/\/www.atreus.de\/wp-content\/uploads\/2022\/03\/teaser-2u3-sp-Automotive.jpg 823w, https:\/\/www.atreus.de\/wp-content\/uploads\/2022\/03\/teaser-2u3-sp-Automotive-768x578.jpg 768w, https:\/\/www.atreus.de\/wp-content\/uploads\/2022\/03\/teaser-2u3-sp-Automotive-480x361.jpg 480w\" sizes=\"(max-width: 1024px) 100vw, 1024px\" style=\"aspect-ratio:823\/619 !important\" title=\"atreus_\"><\/div><div class=\"inner-content\"><a class=\"headline\" href=\"https:\/\/www.atreus.de\/fr\/industries\/automobile\/\"><h2 class=\" zw-cgb headline\">Automotive<\/h2><\/a><div class=\"link-to-post\"><a class=\"btn primary-btn\" title=\"Pour en savoir plus : Automotive\" href=\"https:\/\/www.atreus.de\/fr\/industries\/automobile\/\">Plus<\/a><\/div><\/div><\/div><div class=\"single-blog-post col-menu-4 col-md-6 col-12 \" id=\"post-id-621935\"><div class=\"img-container\"><span class=\"copyright-image\"><\/span><img decoding=\"async\" loading=\"lazy\" alt=\"atreus_\" src=\"https:\/\/www.atreus.de\/wp-content\/uploads\/2022\/03\/teaser-2u3-sp-Chemie.jpg\" srcset=\"https:\/\/www.atreus.de\/wp-content\/uploads\/2022\/03\/teaser-2u3-sp-Chemie.jpg 823w, https:\/\/www.atreus.de\/wp-content\/uploads\/2022\/03\/teaser-2u3-sp-Chemie-768x578.jpg 768w, https:\/\/www.atreus.de\/wp-content\/uploads\/2022\/03\/teaser-2u3-sp-Chemie-480x361.jpg 480w\" sizes=\"(max-width: 1024px) 100vw, 1024px\" style=\"aspect-ratio:823\/619 !important\" title=\"atreus_\"><\/div><div class=\"inner-content\"><a class=\"headline\" href=\"https:\/\/www.atreus.de\/fr\/industries\/chimie\/\"><h2 class=\" zw-cgb headline\">Chimie<\/h2><\/a><div class=\"link-to-post\"><a class=\"btn primary-btn\" title=\"Pour en savoir plus : Chimie\" href=\"https:\/\/www.atreus.de\/fr\/industries\/chimie\/\">Plus<\/a><\/div><\/div><\/div><div class=\"single-blog-post col-menu-4 col-md-6 col-12 \" id=\"post-id-515567\"><div class=\"img-container\"><span class=\"copyright-image\">\u00a9 smspsy \u2013 stock.adobe.com<\/span><img decoding=\"async\" loading=\"lazy\" alt=\"atreus_\" src=\"https:\/\/www.atreus.de\/wp-content\/uploads\/2022\/03\/teaser-2u3-sp-Energieund_Umwelt.jpg\" srcset=\"https:\/\/www.atreus.de\/wp-content\/uploads\/2022\/03\/teaser-2u3-sp-Energieund_Umwelt.jpg 823w, https:\/\/www.atreus.de\/wp-content\/uploads\/2022\/03\/teaser-2u3-sp-Energieund_Umwelt-768x578.jpg 768w, https:\/\/www.atreus.de\/wp-content\/uploads\/2022\/03\/teaser-2u3-sp-Energieund_Umwelt-480x361.jpg 480w\" sizes=\"(max-width: 1024px) 100vw, 1024px\" style=\"aspect-ratio:823\/619 !important\" title=\"atreus_\"><\/div><div class=\"inner-content\"><a class=\"headline\" href=\"https:\/\/www.atreus.de\/fr\/industries\/energie-et-environnement\/\"><h2 class=\" zw-cgb headline\">\u00c9nergie et environnement<\/h2><\/a><div class=\"link-to-post\"><a class=\"btn primary-btn\" title=\"Pour en savoir plus : \u00c9nergie et environnement\" href=\"https:\/\/www.atreus.de\/fr\/industries\/energie-et-environnement\/\">Plus<\/a><\/div><\/div><\/div><div class=\"single-blog-post col-menu-4 col-md-6 col-12 \" id=\"post-id-515535\"><div class=\"img-container\"><span class=\"copyright-image\">\u00a9 Travel mania \u2013 stock.adobe.com<\/span><img decoding=\"async\" loading=\"lazy\" alt=\"atreus_\" src=\"https:\/\/www.atreus.de\/wp-content\/uploads\/2022\/03\/teaser-2u3-sp-Handel.jpg\" srcset=\"https:\/\/www.atreus.de\/wp-content\/uploads\/2022\/03\/teaser-2u3-sp-Handel.jpg 823w, https:\/\/www.atreus.de\/wp-content\/uploads\/2022\/03\/teaser-2u3-sp-Handel-768x578.jpg 768w, https:\/\/www.atreus.de\/wp-content\/uploads\/2022\/03\/teaser-2u3-sp-Handel-480x361.jpg 480w\" sizes=\"(max-width: 1024px) 100vw, 1024px\" style=\"aspect-ratio:823\/619 !important\" title=\"atreus_\"><\/div><div class=\"inner-content\"><a class=\"headline\" href=\"https:\/\/www.atreus.de\/fr\/industries\/commerce\/\"><h2 class=\" zw-cgb headline\">Commerce<\/h2><\/a><div class=\"link-to-post\"><a class=\"btn primary-btn\" title=\"Pour en savoir plus : Commerce\" href=\"https:\/\/www.atreus.de\/fr\/industries\/commerce\/\">Plus<\/a><\/div><\/div><\/div><div class=\"single-blog-post col-menu-4 col-md-6 col-12 \" id=\"post-id-515545\"><div class=\"img-container\"><span class=\"copyright-image\"><\/span><img decoding=\"async\" loading=\"lazy\" alt=\"atreus_\" src=\"https:\/\/www.atreus.de\/wp-content\/uploads\/2022\/03\/header-chemie-Chemie.jpg\" srcset=\"https:\/\/www.atreus.de\/wp-content\/uploads\/2022\/03\/header-chemie-Chemie.jpg 1920w, https:\/\/www.atreus.de\/wp-content\/uploads\/2022\/03\/header-chemie-Chemie-768x432.jpg 768w, https:\/\/www.atreus.de\/wp-content\/uploads\/2022\/03\/header-chemie-Chemie-1024x576.jpg 1024w, https:\/\/www.atreus.de\/wp-content\/uploads\/2022\/03\/header-chemie-Chemie-480x270.jpg 480w, https:\/\/www.atreus.de\/wp-content\/uploads\/2022\/03\/header-chemie-Chemie-1440x810.jpg 1440w\" sizes=\"(max-width: 1024px) 100vw, 1024px\" style=\"aspect-ratio:1920\/1080 !important\" title=\"atreus_\"><\/div><div class=\"inner-content\"><a class=\"headline\" href=\"https:\/\/www.atreus.de\/fr\/industries\/services-de-sante\/\"><h2 class=\" zw-cgb headline\">Services de sant\u00e9<\/h2><\/a><div class=\"link-to-post\"><a class=\"btn primary-btn\" title=\"Pour en savoir plus : Services de sant\u00e9\" href=\"https:\/\/www.atreus.de\/fr\/industries\/services-de-sante\/\">Plus<\/a><\/div><\/div><\/div><div class=\"single-blog-post col-menu-4 col-md-6 col-12 \" id=\"post-id-925921\"><div class=\"img-container\"><span class=\"copyright-image\">\u00a9 N. Lawrenson\/peopleimages.com \u2013 stock.adobe.com<\/span><img decoding=\"async\" loading=\"lazy\" alt=\"atreus_\" src=\"https:\/\/www.atreus.de\/wp-content\/uploads\/2026\/01\/GTS_Website-teaser-4zu3.webp\" srcset=\"https:\/\/www.atreus.de\/wp-content\/uploads\/2026\/01\/GTS_Website-teaser-4zu3.webp 823w, https:\/\/www.atreus.de\/wp-content\/uploads\/2026\/01\/GTS_Website-teaser-4zu3-768x578.webp 768w, https:\/\/www.atreus.de\/wp-content\/uploads\/2026\/01\/GTS_Website-teaser-4zu3-480x361.webp 480w\" sizes=\"(max-width: 1024px) 100vw, 1024px\" style=\"aspect-ratio:823\/619 !important\" title=\"atreus_\"><\/div><div class=\"inner-content\"><a class=\"headline\" href=\"https:\/\/www.atreus.de\/fr\/industries\/global-technology-services\/\"><h2 class=\" zw-cgb headline\">Global Technology &amp; Services<\/h2><\/a><div class=\"link-to-post\"><a class=\"btn primary-btn\" title=\"Pour en savoir plus : Global Technology &amp; Services\" href=\"https:\/\/www.atreus.de\/fr\/industries\/global-technology-services\/\">Plus<\/a><\/div><\/div><\/div><div class=\"single-blog-post col-menu-4 col-md-6 col-12 \" id=\"post-id-621932\"><div class=\"img-container\"><span class=\"copyright-image\"><\/span><img decoding=\"async\" loading=\"lazy\" alt=\"atreus_\" src=\"https:\/\/www.atreus.de\/wp-content\/uploads\/2022\/03\/teaser-2u3-sp-Konsumgueter.jpg\" srcset=\"https:\/\/www.atreus.de\/wp-content\/uploads\/2022\/03\/teaser-2u3-sp-Konsumgueter.jpg 823w, https:\/\/www.atreus.de\/wp-content\/uploads\/2022\/03\/teaser-2u3-sp-Konsumgueter-768x578.jpg 768w, https:\/\/www.atreus.de\/wp-content\/uploads\/2022\/03\/teaser-2u3-sp-Konsumgueter-480x361.jpg 480w\" sizes=\"(max-width: 1024px) 100vw, 1024px\" style=\"aspect-ratio:823\/619 !important\" title=\"atreus_\"><\/div><div class=\"inner-content\"><a class=\"headline\" href=\"https:\/\/www.atreus.de\/fr\/industries\/biens-de-consommation\/\"><h2 class=\" zw-cgb headline\">Biens de consommation<\/h2><\/a><div class=\"link-to-post\"><a class=\"btn primary-btn\" title=\"Pour en savoir plus : Biens de consommation\" href=\"https:\/\/www.atreus.de\/fr\/industries\/biens-de-consommation\/\">Plus<\/a><\/div><\/div><\/div><div class=\"single-blog-post col-menu-4 col-md-6 col-12 \" id=\"post-id-588558\"><div class=\"img-container\"><span class=\"copyright-image\"><\/span><img decoding=\"async\" loading=\"lazy\" alt=\"atreus_\" src=\"https:\/\/www.atreus.de\/wp-content\/uploads\/2022\/03\/teaser-2u3-sp-Maschinen-und_Anlagenbau.jpg\" srcset=\"https:\/\/www.atreus.de\/wp-content\/uploads\/2022\/03\/teaser-2u3-sp-Maschinen-und_Anlagenbau.jpg 823w, https:\/\/www.atreus.de\/wp-content\/uploads\/2022\/03\/teaser-2u3-sp-Maschinen-und_Anlagenbau-768x578.jpg 768w, https:\/\/www.atreus.de\/wp-content\/uploads\/2022\/03\/teaser-2u3-sp-Maschinen-und_Anlagenbau-480x361.jpg 480w\" sizes=\"(max-width: 1024px) 100vw, 1024px\" style=\"aspect-ratio:823\/619 !important\" title=\"atreus_\"><\/div><div class=\"inner-content\"><a class=\"headline\" href=\"https:\/\/www.atreus.de\/fr\/industries\/construction-de-machines-et-des-installations\/\"><h2 class=\" zw-cgb headline\">Construction de machines et des installations<\/h2><\/a><div class=\"link-to-post\"><a class=\"btn primary-btn\" title=\"Pour en savoir plus : Construction de machines et des installations\" href=\"https:\/\/www.atreus.de\/fr\/industries\/construction-de-machines-et-des-installations\/\">Plus<\/a><\/div><\/div><\/div><div class=\"single-blog-post col-menu-4 col-md-6 col-12 \" id=\"post-id-622031\"><div class=\"img-container\"><span class=\"copyright-image\"><\/span><img decoding=\"async\" loading=\"lazy\" alt=\"atreus_\" src=\"https:\/\/www.atreus.de\/wp-content\/uploads\/2022\/03\/teaser-2u3-sp-Medizintechnik.jpg\" srcset=\"https:\/\/www.atreus.de\/wp-content\/uploads\/2022\/03\/teaser-2u3-sp-Medizintechnik.jpg 823w, https:\/\/www.atreus.de\/wp-content\/uploads\/2022\/03\/teaser-2u3-sp-Medizintechnik-768x578.jpg 768w, https:\/\/www.atreus.de\/wp-content\/uploads\/2022\/03\/teaser-2u3-sp-Medizintechnik-480x361.jpg 480w\" sizes=\"(max-width: 1024px) 100vw, 1024px\" style=\"aspect-ratio:823\/619 !important\" title=\"atreus_\"><\/div><div class=\"inner-content\"><a class=\"headline\" href=\"https:\/\/www.atreus.de\/fr\/industries\/techniques-medicales\/\"><h2 class=\" zw-cgb headline\">Techniques m\u00e9dicales<\/h2><\/a><div class=\"link-to-post\"><a class=\"btn primary-btn\" title=\"Pour en savoir plus : Techniques m\u00e9dicales\" href=\"https:\/\/www.atreus.de\/fr\/industries\/techniques-medicales\/\">Plus<\/a><\/div><\/div><\/div><div class=\"single-blog-post col-menu-4 col-md-6 col-12 \" id=\"post-id-515554\"><div class=\"img-container\"><span class=\"copyright-image\">\u00a9 123dartist \u2013 stock.adobe.com<\/span><img decoding=\"async\" loading=\"lazy\" alt=\"Pharma-Industrie\" src=\"https:\/\/www.atreus.de\/wp-content\/uploads\/2022\/03\/teaser-2u3-sp-Pharma.jpg\" srcset=\"https:\/\/www.atreus.de\/wp-content\/uploads\/2022\/03\/teaser-2u3-sp-Pharma.jpg 823w, https:\/\/www.atreus.de\/wp-content\/uploads\/2022\/03\/teaser-2u3-sp-Pharma-768x578.jpg 768w, https:\/\/www.atreus.de\/wp-content\/uploads\/2022\/03\/teaser-2u3-sp-Pharma-480x361.jpg 480w\" sizes=\"(max-width: 1024px) 100vw, 1024px\" style=\"aspect-ratio:823\/619 !important\" title=\"atreus_\"><\/div><div class=\"inner-content\"><a class=\"headline\" href=\"https:\/\/www.atreus.de\/fr\/industries\/industrie-pharmaceutique\/\"><h2 class=\" zw-cgb headline\">Industrie pharmaceutique<\/h2><\/a><div class=\"link-to-post\"><a class=\"btn primary-btn\" title=\"Pour en savoir plus : Industrie pharmaceutique\" href=\"https:\/\/www.atreus.de\/fr\/industries\/industrie-pharmaceutique\/\">Plus<\/a><\/div><\/div><\/div><div class=\"single-blog-post col-menu-4 col-md-6 col-12 \" id=\"post-id-515556\"><div class=\"img-container\"><span class=\"copyright-image\"><\/span><img decoding=\"async\" loading=\"lazy\" alt=\"atreus_\" src=\"https:\/\/www.atreus.de\/wp-content\/uploads\/2022\/03\/teaser-2u3-sp-SonstigeVerarbeitende_Industrie.jpg\" srcset=\"https:\/\/www.atreus.de\/wp-content\/uploads\/2022\/03\/teaser-2u3-sp-SonstigeVerarbeitende_Industrie.jpg 823w, https:\/\/www.atreus.de\/wp-content\/uploads\/2022\/03\/teaser-2u3-sp-SonstigeVerarbeitende_Industrie-768x578.jpg 768w, https:\/\/www.atreus.de\/wp-content\/uploads\/2022\/03\/teaser-2u3-sp-SonstigeVerarbeitende_Industrie-480x361.jpg 480w\" sizes=\"(max-width: 1024px) 100vw, 1024px\" style=\"aspect-ratio:823\/619 !important\" title=\"atreus_\"><\/div><div class=\"inner-content\"><a class=\"headline\" href=\"https:\/\/www.atreus.de\/fr\/industries\/autres-industries-manufacturieres\/\"><h2 class=\" zw-cgb headline\">Autres industries manufacturi\u00e8res<\/h2><\/a><div class=\"link-to-post\"><a class=\"btn primary-btn\" title=\"Pour en savoir plus : Autres industries manufacturi\u00e8res\" href=\"https:\/\/www.atreus.de\/fr\/industries\/autres-industries-manufacturieres\/\">Plus<\/a><\/div><\/div><\/div><div class=\"single-blog-post col-menu-4 col-md-6 col-12 \" id=\"post-id-621924\"><div class=\"img-container\"><span class=\"copyright-image\"><\/span><img decoding=\"async\" loading=\"lazy\" alt=\"atreus_\" src=\"https:\/\/www.atreus.de\/wp-content\/uploads\/2022\/03\/teaser-2u3-sp-Bau.jpg\" srcset=\"https:\/\/www.atreus.de\/wp-content\/uploads\/2022\/03\/teaser-2u3-sp-Bau.jpg 823w, https:\/\/www.atreus.de\/wp-content\/uploads\/2022\/03\/teaser-2u3-sp-Bau-768x578.jpg 768w, https:\/\/www.atreus.de\/wp-content\/uploads\/2022\/03\/teaser-2u3-sp-Bau-480x361.jpg 480w\" sizes=\"(max-width: 1024px) 100vw, 1024px\" style=\"aspect-ratio:823\/619 !important\" title=\"atreus_\"><\/div><div class=\"inner-content\"><a class=\"headline\" href=\"https:\/\/www.atreus.de\/fr\/industries\/construction\/\"><h2 class=\" zw-cgb headline\">Construction<\/h2><\/a><div class=\"link-to-post\"><a class=\"btn primary-btn\" title=\"Pour en savoir plus : Construction\" href=\"https:\/\/www.atreus.de\/fr\/industries\/construction\/\">Plus<\/a><\/div><\/div><\/div><div class=\"single-blog-post col-menu-4 col-md-6 col-12 \" id=\"post-id-515543\"><div class=\"img-container\"><span class=\"copyright-image\">\u00a9 Gorodenkoff \u2013 stock.adobe.com<\/span><img decoding=\"async\" loading=\"lazy\" alt=\"atreus_\" src=\"https:\/\/www.atreus.de\/wp-content\/uploads\/2022\/03\/teaser-2u3-sp-Dienstleistungen.jpg\" srcset=\"https:\/\/www.atreus.de\/wp-content\/uploads\/2022\/03\/teaser-2u3-sp-Dienstleistungen.jpg 823w, https:\/\/www.atreus.de\/wp-content\/uploads\/2022\/03\/teaser-2u3-sp-Dienstleistungen-768x578.jpg 768w, https:\/\/www.atreus.de\/wp-content\/uploads\/2022\/03\/teaser-2u3-sp-Dienstleistungen-480x361.jpg 480w\" sizes=\"(max-width: 1024px) 100vw, 1024px\" style=\"aspect-ratio:823\/619 !important\" title=\"atreus_\"><\/div><div class=\"inner-content\"><a class=\"headline\" href=\"https:\/\/www.atreus.de\/fr\/industries\/services\/\"><h2 class=\" zw-cgb headline\">Services<\/h2><\/a><div class=\"link-to-post\"><a class=\"btn primary-btn\" title=\"Pour en savoir plus : Services\" href=\"https:\/\/www.atreus.de\/fr\/industries\/services\/\">Plus<\/a><\/div><\/div><\/div><div class=\"single-blog-post col-menu-4 col-md-6 col-12 \" id=\"post-id-515525\"><div class=\"img-container\"><span class=\"copyright-image\">\u00a9 nuchao \u2013 stock.adobe.com<\/span><img decoding=\"async\" loading=\"lazy\" alt=\"atreus_\" src=\"https:\/\/www.atreus.de\/wp-content\/uploads\/2022\/03\/teaser-2u3-sp-FinancialServices_und_Private_Equity.jpg\" srcset=\"https:\/\/www.atreus.de\/wp-content\/uploads\/2022\/03\/teaser-2u3-sp-FinancialServices_und_Private_Equity.jpg 823w, https:\/\/www.atreus.de\/wp-content\/uploads\/2022\/03\/teaser-2u3-sp-FinancialServices_und_Private_Equity-768x578.jpg 768w, https:\/\/www.atreus.de\/wp-content\/uploads\/2022\/03\/teaser-2u3-sp-FinancialServices_und_Private_Equity-480x361.jpg 480w\" sizes=\"(max-width: 1024px) 100vw, 1024px\" style=\"aspect-ratio:823\/619 !important\" title=\"atreus_\"><\/div><div class=\"inner-content\"><a class=\"headline\" href=\"https:\/\/www.atreus.de\/fr\/industries\/services-financiers-capital-investissement\/\"><h2 class=\" zw-cgb headline\">Services financiers et capital-investissement<\/h2><\/a><div class=\"link-to-post\"><a class=\"btn primary-btn\" title=\"Pour en savoir plus : Services financiers et capital-investissement\" href=\"https:\/\/www.atreus.de\/fr\/industries\/services-financiers-capital-investissement\/\">Plus<\/a><\/div><\/div><\/div><div class=\"single-blog-post col-menu-4 col-md-6 col-12 \" id=\"post-id-515555\"><div class=\"img-container\"><span class=\"copyright-image\">\u00a9 Vincent \u2013 stock.adobe.com<\/span><img decoding=\"async\" loading=\"lazy\" alt=\"Transport, Logistik und Verkehr\" src=\"https:\/\/www.atreus.de\/wp-content\/uploads\/2022\/03\/teaser-2u3-sp-Transport_Logistik_und_Verkehr.jpg\" srcset=\"https:\/\/www.atreus.de\/wp-content\/uploads\/2022\/03\/teaser-2u3-sp-Transport_Logistik_und_Verkehr.jpg 823w, https:\/\/www.atreus.de\/wp-content\/uploads\/2022\/03\/teaser-2u3-sp-Transport_Logistik_und_Verkehr-768x578.jpg 768w, https:\/\/www.atreus.de\/wp-content\/uploads\/2022\/03\/teaser-2u3-sp-Transport_Logistik_und_Verkehr-480x361.jpg 480w\" sizes=\"(max-width: 1024px) 100vw, 1024px\" style=\"aspect-ratio:823\/619 !important\" title=\"atreus_\"><\/div><div class=\"inner-content\"><a class=\"headline\" href=\"https:\/\/www.atreus.de\/fr\/industries\/transport-logistique-et-circulation\/\"><h2 class=\" zw-cgb headline\">Transport, logistique et circulation<\/h2><\/a><div class=\"link-to-post\"><a class=\"btn primary-btn\" title=\"Pour en savoir plus : Transport, logistique et circulation\" href=\"https:\/\/www.atreus.de\/fr\/industries\/transport-logistique-et-circulation\/\">Plus<\/a><\/div><\/div><\/div>      <\/div>\r\n    <\/div>\r\n\r\n\n\n\n<div style=\"height:100px\" aria-hidden=\"true\" class=\"wp-block-spacer\"><\/div>\n\n\n<div  class=\"zw-cgb  sidebarblock default-margin \">\r\n      <div class=\"row\">\r\n        \r\n\t\t<div class=\"zw-cgb global-widget right  black-color  no-margin\">\r\n\t\t\t\t\t\t\t<div class=\"bg-img-container\">\r\n\t\t\t\t\t<img decoding=\"async\" loading=\"lazy\" width=\"1270\" height=\"714\" src=\"https:\/\/www.atreus.de\/wp-content\/uploads\/2026\/04\/heidrick-HC-BB-DE.jpg\" style=\"aspect-ratio:1270\/714 !important\" alt=\"atreus_\" title=\"atreus_\">\t\t\t\t<\/div>\r\n\t\t\t\t\t\t<div class=\"inner-container bg-white\">\r\n\t\t\t\t      <div class=\"headlinetwo-container\">\r\n\t\t<p class=\"zw-cgb headline two\">ATREUS \u2013 UNE EXCELLENCE R\u00c9COMPENS\u00c9E<\/p>\r\n\t  <\/div> \t\t\t\t<div class=\"widget-content fulltext\">\r\n\r\n\t\t\t\t\t\t<p>En mati\u00e8re de management de transition, Atreus est aujourd\u2019hui le num\u00e9ro 1 incontest\u00e9. Nous devons cette position de chef de file \u00e0 la confiance de nos clients, qui confirment en permanence notre qualit\u00e9 et notre capacit\u00e9 de mise en \u0153uvre en nous attribuant les meilleures notes.<\/p>\n<p>&nbsp;<\/p>\n<p>Atreus a \u00e9t\u00e9 r\u00e9compens\u00e9 \u00e0 plusieurs reprises, notamment comme \u00ab Meilleur conseiller \u00bb, \u00ab Top Consultant \u00bb, \u00ab Meilleur consultant en entreprise Focus \u00bb, \u00ab Champion cach\u00e9 \u00bb ou \u00ab Meilleur cabinet de conseil Handelsblatt \u00bb. Nous sommes dot\u00e9s d\u2019un large \u00e9ventail d\u2019expertise, de l&#8217;automobile et des \u00e9quipementiers, les biens de consommation, la chimie et la pharmacie, le commerce (y compris le commerce \u00e9lectronique), la construction de machines et d\u2019installations, l&#8217;\u00e9nergie et l&#8217;environnement, la finance, l&#8217;industrie chimique et pharmaceutique les sciences de la vie et les produits de sant\u00e9 en passant par les disciplines cl\u00e9s telles que l&#8217;am\u00e9lioration de la performance, le conseil en informatique et la mise en \u0153uvre informatique, le conseil en ressources humaines, la gestion des op\u00e9rations, la gestion des risques, la gestion du changement, le management de la transformation, la num\u00e9risation et la restructuration.<\/p>\n\r\n\r\n\t\t\t\t<\/div>\r\n\t\t\t\t\t\t\t\t\r\n\t\t\t\t<div class=\"zw-cgb zw-cgb-button-container\">\r\n\t\t\t\t\t<a href=\"https:\/\/www.atreus.de\/fr\/atreus\/prix\/\" class=\"zw-cgb btn btn-primary\">SENTEZ NOTRE EXCELLENCE DE PREMI\u00c8RE MAIN<\/a>\r\n\t\t\t\t<\/div>\r\n\t\t\t\t\t\t\t<\/div>\r\n\t\t<\/div>\r\n\t<\/div><\/div>    \n\n\n<div style=\"height:100px\" aria-hidden=\"true\" class=\"wp-block-spacer\"><\/div>\n\n\n","protected":false},"excerpt":{"rendered":"<div  class=\"zw-cgb header-standard-block  desktop-header-standard mobile-header-standard default-margin black-color content-left content-down zw-atr-portrait-pos-default zw-atr-landscape-pos-default height-small \">\n<div class=\"row\">\n<div class=\"zw-cgb-content col-12 mx-auto\">\n<div  class=\"header-standard-inner-container\">\n<div class=\"bg-image\"><\/div>\n<div class=\"zw-breadcrumb-container black-color d-md-block d-none\">\n<nav aria-label=\"breadcrumbs\" class=\"rank-math-breadcrumb\">\n<p><span class=\"label\">c<\/span> <span class=\"last\">Home<\/span><\/p>\n<\/nav>\n<\/div>\n<div class=\"preheadline-container\">\n<p class=\" zw-cgb preheadline zw-prevent-animation\">V\u00e9rification !<\/p>\n<h2 class=\" zw-cgb headline zw-prevent-animation\">Expertise sectorielle<\/h2>\n<\/div>\n<\/div>\n<\/div>\n<\/div>\n<\/div>\n","protected":false},"author":1,"featured_media":483451,"parent":0,"menu_order":50,"comment_status":"closed","ping_status":"closed","template":"","meta":{"_relevanssi_hide_post":"","_relevanssi_hide_content":"","_relevanssi_pin_for_all":"","_relevanssi_pin_keywords":"","_relevanssi_unpin_keywords":"","_relevanssi_related_keywords":"","_relevanssi_related_include_ids":"","_relevanssi_related_exclude_ids":"","_relevanssi_related_no_append":"","_relevanssi_related_not_related":"","_relevanssi_related_posts":"524329,524369,524337,524328,524314,524345","_relevanssi_noindex_reason":"","_zw_phone_override":"","footnotes":""},"competences":[],"industry-sectors":[],"class_list":["post-621885","page","type-page","status-publish","has-post-thumbnail","hentry"],"_links":{"self":[{"href":"https:\/\/www.atreus.de\/fr\/wp-json\/wp\/v2\/pages\/621885","targetHints":{"allow":["GET"]}}],"collection":[{"href":"https:\/\/www.atreus.de\/fr\/wp-json\/wp\/v2\/pages"}],"about":[{"href":"https:\/\/www.atreus.de\/fr\/wp-json\/wp\/v2\/types\/page"}],"author":[{"embeddable":true,"href":"https:\/\/www.atreus.de\/fr\/wp-json\/wp\/v2\/users\/1"}],"replies":[{"embeddable":true,"href":"https:\/\/www.atreus.de\/fr\/wp-json\/wp\/v2\/comments?post=621885"}],"version-history":[{"count":0,"href":"https:\/\/www.atreus.de\/fr\/wp-json\/wp\/v2\/pages\/621885\/revisions"}],"wp:featuredmedia":[{"embeddable":true,"href":"https:\/\/www.atreus.de\/fr\/wp-json\/wp\/v2\/media\/483451"}],"wp:attachment":[{"href":"https:\/\/www.atreus.de\/fr\/wp-json\/wp\/v2\/media?parent=621885"}],"wp:term":[{"taxonomy":"competences","embeddable":true,"href":"https:\/\/www.atreus.de\/fr\/wp-json\/wp\/v2\/competences?post=621885"},{"taxonomy":"industry-sectors","embeddable":true,"href":"https:\/\/www.atreus.de\/fr\/wp-json\/wp\/v2\/industry-sectors?post=621885"}],"curies":[{"name":"wp","href":"https:\/\/api.w.org\/{rel}","templated":true}]}}