{"id":621991,"date":"2022-03-01T11:48:03","date_gmt":"2022-03-01T10:48:03","guid":{"rendered":"https:\/\/www.atreus.de\/?page_id=621991"},"modified":"2024-10-28T08:02:30","modified_gmt":"2024-10-28T07:02:30","slug":"etudes-de-cas","status":"publish","type":"page","link":"https:\/\/www.atreus.de\/fr\/atreus\/etudes-de-cas\/","title":{"rendered":"\u00c9tudes de cas"},"content":{"rendered":"<div  class=\"zw-cgb header-standard-block is-first-block desktop-header-standard mobile-header-standard default-margin black-color content-right content-down zw-atr-portrait-pos-default zw-atr-landscape-pos-default height-small \"><div class=\"row\"><div class=\"zw-cgb-content col-12 mx-auto\"><div  class=\"header-standard-inner-container\"><div class=\"bg-image\"><\/div><div class=\"zw-breadcrumb-container black-color d-md-block d-none\"><nav aria-label=\"breadcrumbs\" class=\"rank-math-breadcrumb\"><p><span class=\"label\">c<\/span> <span class=\"last\">Home<\/span><\/p><\/nav><\/div><div class=\"preheadline-container\"><p class=\" zw-cgb preheadline zw-prevent-animation\">Travail de persuasion<\/p><h1 class=\" zw-cgb headline zw-prevent-animation\">Par exemple<\/h1><\/div><\/div><\/div><\/div><\/div>\n\n\n    <div  class=\"zw-cgb  textblock black-color zw-content-pos-center  default-margin \">\n      <div class=\"row\">\n        <div class=\"zw-cgb-content col-12 g-0\">\n          <p class=\" zw-cgb fulltext \">Plus de 4 500 projets en Europe et dans le monde \u2014 il y a bien s\u00fbr beaucoup \u00e0 dire \u00e0 ce sujet. Nous pr\u00e9f\u00e9rons donner ici la parole aux experts du r\u00e9seau Atreus eux-m\u00eames. Et bien s\u00fbr, celles de nos clients. Vous trouverez des r\u00e9sum\u00e9s tr\u00e8s int\u00e9ressants dans nos pagers One Project et nos \u00e9tudes de cas.<\/p>        <\/div>\n      <\/div>\n    <\/div>\n\n\n\n\n    <div  class=\"zw-cgb  latestPosts default-margin \">\n      <div class=\"row zw-cgb-content\">\n              <\/div>\n    <\/div>\n\n\n\n\n    <div  class=\"zw-cgb  latestPosts default-margin \">\n      <div class=\"row zw-cgb-content\">\n              <\/div>\n    <\/div>\n\n\n\n<div  class=\"zw-cgb  sidebarblock default-margin \">\r\n      <div class=\"row\">\r\n        \r\n\t\t<div class=\"zw-cgb global-widget left  white-color  no-margin\">\r\n\t\t\t\t\t\t\t<div class=\"bg-img-container\">\r\n\t\t\t\t\t<img decoding=\"async\" loading=\"lazy\" width=\"1920\" height=\"720\" src=\"https:\/\/www.atreus.de\/wp-content\/uploads\/2022\/03\/widget-diversity-02.jpg\" style=\"aspect-ratio:1920\/720 !important\" alt=\"atreus_\" title=\"atreus_\">\t\t\t\t<\/div>\r\n\t\t\t\t\t\t<div class=\"inner-container bg-blue\">\r\n\t\t\t\t      <div class=\"headlinetwo-container\">\r\n\t\t<p class=\"zw-cgb headline two\">Les managers d\u2019Atreus sont des connaisseurs, des experts, des faiseurs. <\/p>\r\n\t  <\/div> \t\t\t\t<div class=\"widget-content fulltext\">\r\n\r\n\t\t\t\t\t\t<p><span class=\"NormalTextRun SCXW217996184 BCX8\">Pour Atreus, la diversit\u00e9 est aussi naturelle que le traitement respectueux de chaque personne. Quand nous parlons de managers <\/span><span class=\"NormalTextRun SCXW217996184 BCX8\">Atreus ou de managers <\/span><span class=\"NormalTextRun SCXW217996184 BCX8\">de transition<\/span><span class=\"NormalTextRun SCXW217996184 BCX8\">, nous parlons d<\/span><span class=\"NormalTextRun SCXW217996184 BCX8\">\u2019<\/span><span class=\"NormalTextRun SCXW217996184 BCX8\">hommes et de femmes d<\/span><span class=\"NormalTextRun SCXW217996184 BCX8\">\u2019<\/span><span class=\"NormalTextRun SCXW217996184 BCX8\">action Atreus et de la ressourc<\/span><span class=\"NormalTextRun SCXW217996184 BCX8\">e<\/span><span class=\"NormalTextRun SCXW217996184 BCX8\"> parfaite<\/span><span class=\"NormalTextRun SCXW217996184 BCX8\"> pour la gestion de transition<\/span><span class=\"NormalTextRun SCXW217996184 BCX8\"> (h\/f).<\/span><\/p>\n\r\n\r\n\t\t\t\t<\/div>\r\n\t\t\t\t\t\t\t\t\t\t\t<\/div>\r\n\t\t<\/div>\r\n\t<\/div><\/div>    \n\n\n<div style=\"height:100px\" aria-hidden=\"true\" class=\"wp-block-spacer\"><\/div>\n\n\n\n    <div  class=\"zw-cgb  latestPosts default-margin \">\n      <div class=\"row zw-cgb-content\">\n              <\/div>\n    <\/div>\n\n\n\n\n<div style=\"height:100px\" aria-hidden=\"true\" class=\"wp-block-spacer\"><\/div>\n\n\n\n    <div  class=\"zw-cgb  latestPosts default-margin \">\n      <div class=\"row zw-cgb-content\">\n              <\/div>\n    <\/div>\n\n\n\n\n<div style=\"height:100px\" aria-hidden=\"true\" class=\"wp-block-spacer\"><\/div>\n\n\n\n    <div  class=\"zw-cgb  latestPosts default-margin \">\n      <div class=\"row zw-cgb-content\">\n              <\/div>\n    <\/div>\n\n\n\n<div  class=\"zw-cgb  sidebarblock default-margin \">\r\n      <div class=\"row\">\r\n        \r\n\t\t<div class=\"zw-cgb global-widget left  black-color  no-margin\">\r\n\t\t\t\t\t\t\t<div class=\"bg-img-container\">\r\n\t\t\t\t\t<img decoding=\"async\" loading=\"lazy\" width=\"1920\" height=\"720\" src=\"https:\/\/www.atreus.de\/wp-content\/uploads\/2022\/03\/widget-cybersecurity.jpg\" style=\"aspect-ratio:1920\/720 !important\" alt=\"atreus_\" title=\"atreus_\">\t\t\t\t<\/div>\r\n\t\t\t\t\t\t<div class=\"inner-container bg-white\">\r\n\t\t\t\t      <div class=\"headlinetwo-container\">\r\n\t\t<p class=\"zw-cgb headline two\">Rien ne va plus &#8211; sans cybers\u00e9curit\u00e9<\/p>\r\n\t  <\/div> \t\t\t\t<div class=\"widget-content fulltext\">\r\n\r\n\t\t\t\t\t\t<p><span class=\"TextRun SCXW218275522 BCX8\" lang=\"FR-FR\" xml:lang=\"FR-FR\" data-contrast=\"auto\"><span class=\"NormalTextRun SCXW218275522 BCX8\">Avec les experts d<\/span><span class=\"NormalTextRun SCXW218275522 BCX8\">\u2019<\/span><span class=\"NormalTextRun SCXW218275522 BCX8\">Atreus, repenser la cybers\u00e9curit\u00e9 et la mettre en place correctement. Car <\/span><span class=\"NormalTextRun SCXW218275522 BCX8\">le fait d<\/span><span class=\"NormalTextRun SCXW218275522 BCX8\">\u2019<\/span><span class=\"NormalTextRun SCXW218275522 BCX8\">avoir <\/span><span class=\"NormalTextRun SCXW218275522 BCX8\">des donn\u00e9es et une infrastructure informatique s\u00fbres va<\/span><span class=\"NormalTextRun SCXW218275522 BCX8\">ut<\/span><span class=\"NormalTextRun SCXW218275522 BCX8\"> de l<\/span><span class=\"NormalTextRun SCXW218275522 BCX8\">\u2019<\/span><span class=\"NormalTextRun SCXW218275522 BCX8\">or.<\/span><\/span><span class=\"EOP SCXW218275522 BCX8\" data-ccp-props=\"{\">\u00a0<\/span><\/p>\n\r\n\r\n\t\t\t\t<\/div>\r\n\t\t\t\t\t\t\t\t\r\n\t\t\t\t<div class=\"zw-cgb zw-cgb-button-container\">\r\n\t\t\t\t\t<a href=\"https:\/\/www.atreus.de\/fr\/competences\/fonctions-de-management\/it\/\" class=\"zw-cgb btn btn-primary\">EN SAVOIR PLUS<\/a>\r\n\t\t\t\t<\/div>\r\n\t\t\t\t\t\t\t<\/div>\r\n\t\t<\/div>\r\n\t<\/div><\/div>    \n\n\n<div style=\"height:100px\" aria-hidden=\"true\" class=\"wp-block-spacer\"><\/div>\n\n\n\n    <div  class=\"zw-cgb  latestPosts default-margin \">\n      <div class=\"row zw-cgb-content\">\n              <\/div>\n    <\/div>\n\n\n\n\n\n<div  class=\"zw-cgb  sidebarblock default-margin \">\r\n      <div class=\"row\">\r\n        \r\n\t\t<div class=\"zw-cgb global-widget left  white-color  no-margin\">\r\n\t\t\t\t\t\t\t<div class=\"bg-img-container\">\r\n\t\t\t\t\t<img decoding=\"async\" loading=\"lazy\" width=\"1920\" height=\"720\" src=\"https:\/\/www.atreus.de\/wp-content\/uploads\/2022\/03\/widget-managementueberlassung.jpg\" style=\"aspect-ratio:1920\/720 !important\" alt=\"atreus_\" title=\"atreus_\">\t\t\t\t<\/div>\r\n\t\t\t\t\t\t<div class=\"inner-container bg-blue\">\r\n\t\t\t\t      <div class=\"headlinetwo-container\">\r\n\t\t<p class=\"zw-cgb headline two\">Mise \u00e0 disposition de cadres &#8211; Int\u00e9gration et flexibilit\u00e9<\/p>\r\n\t  <\/div> \t\t\t\t<div class=\"widget-content fulltext\">\r\n\r\n\t\t\t\t\t\t<p><span class=\"TextRun SCXW180882169 BCX8\" lang=\"FR-FR\" xml:lang=\"FR-FR\" data-contrast=\"auto\"><span class=\"NormalTextRun SCXW180882169 BCX8\" data-ccp-parastyle=\"Normal (Web)\">Les managers <\/span><span class=\"NormalTextRun SCXW180882169 BCX8\" data-ccp-parastyle=\"Normal (Web)\">de transition <\/span><span class=\"NormalTextRun SCXW180882169 BCX8\" data-ccp-parastyle=\"Normal (Web)\">veulent une s\u00e9curit\u00e9 juridique, <\/span><\/span><span class=\"LineBreakBlob BlobObject DragDrop SCXW180882169 BCX8\"><span class=\"SCXW180882169 BCX8\">\u00a0<\/span><br class=\"SCXW180882169 BCX8\" \/><\/span><span class=\"TextRun SCXW180882169 BCX8\" lang=\"FR-FR\" xml:lang=\"FR-FR\" data-contrast=\"auto\"><span class=\"NormalTextRun SCXW180882169 BCX8\" data-ccp-parastyle=\"Normal (Web)\">les entreprises veulent une cha\u00eene d<\/span><span class=\"NormalTextRun SCXW180882169 BCX8\" data-ccp-parastyle=\"Normal (Web)\">\u2019<\/span><span class=\"NormalTextRun SCXW180882169 BCX8\" data-ccp-parastyle=\"Normal (Web)\">instructions claire.<\/span><\/span><span class=\"LineBreakBlob BlobObject DragDrop SCXW180882169 BCX8\"><span class=\"SCXW180882169 BCX8\">\u00a0<\/span><br class=\"SCXW180882169 BCX8\" \/><\/span><span class=\"TextRun SCXW180882169 BCX8\" lang=\"FR-FR\" xml:lang=\"FR-FR\" data-contrast=\"auto\"><span class=\"NormalTextRun SCXW180882169 BCX8\" data-ccp-parastyle=\"Normal (Web)\">Atreus a une solution \u00e9prouv\u00e9e pour un sujet complexe.<\/span><\/span><\/p>\n\r\n\r\n\t\t\t\t<\/div>\r\n\t\t\t\t\t\t\t\t\r\n\t\t\t\t<div class=\"zw-cgb zw-cgb-button-container\">\r\n\t\t\t\t\t<a href=\"https:\/\/www.atreus.de\/fr\/competences\/service\/interim-management\/\" class=\"zw-cgb btn btn-primary\">EN SAVOIR PLUS<\/a>\r\n\t\t\t\t<\/div>\r\n\t\t\t\t\t\t\t<\/div>\r\n\t\t<\/div>\r\n\t<\/div><\/div>    \n\n\n<div style=\"height:100px\" aria-hidden=\"true\" class=\"wp-block-spacer\"><\/div>\n\n\n\n    <div  class=\"zw-cgb  latestPosts default-margin \">\n      <div class=\"row zw-cgb-content\">\n              <\/div>\n    <\/div>\n\n\n\n\n    <div  class=\"zw-cgb  latestPosts default-margin \">\n      <div class=\"row zw-cgb-content\">\n              <\/div>\n    <\/div>\n\n\n\n\n<div style=\"height:100px\" aria-hidden=\"true\" class=\"wp-block-spacer\"><\/div>\n\n\n\n    <div  class=\"zw-cgb  latestPosts default-margin \">\n      <div class=\"row zw-cgb-content\">\n              <\/div>\n    <\/div>\n\n","protected":false},"excerpt":{"rendered":"<div  class=\"zw-cgb header-standard-block  desktop-header-standard mobile-header-standard default-margin black-color content-right content-down zw-atr-portrait-pos-default zw-atr-landscape-pos-default height-small \">\n<div class=\"row\">\n<div class=\"zw-cgb-content col-12 mx-auto\">\n<div  class=\"header-standard-inner-container\">\n<div class=\"bg-image\"><\/div>\n<div class=\"zw-breadcrumb-container black-color d-md-block d-none\">\n<nav aria-label=\"breadcrumbs\" class=\"rank-math-breadcrumb\">\n<p><span class=\"label\">c<\/span> <span class=\"last\">Home<\/span><\/p>\n<\/nav>\n<\/div>\n<div class=\"preheadline-container\">\n<p class=\" zw-cgb preheadline zw-prevent-animation\">Travail de persuasion<\/p>\n<h2 class=\" zw-cgb headline zw-prevent-animation\">Par exemple<\/h2>\n<\/div>\n<\/div>\n<\/div>\n<\/div>\n<\/div>\n","protected":false},"author":1,"featured_media":0,"parent":621933,"menu_order":20,"comment_status":"closed","ping_status":"closed","template":"","meta":{"_relevanssi_hide_post":"","_relevanssi_hide_content":"","_relevanssi_pin_for_all":"","_relevanssi_pin_keywords":"","_relevanssi_unpin_keywords":"","_relevanssi_related_keywords":"","_relevanssi_related_include_ids":"","_relevanssi_related_exclude_ids":"","_relevanssi_related_no_append":"","_relevanssi_related_not_related":"","_relevanssi_related_posts":"524314,524369,524328,524329,524345,524337","_relevanssi_noindex_reason":"","_zw_phone_override":"","footnotes":""},"competences":[],"industry-sectors":[],"class_list":["post-621991","page","type-page","status-publish","hentry"],"_links":{"self":[{"href":"https:\/\/www.atreus.de\/fr\/wp-json\/wp\/v2\/pages\/621991","targetHints":{"allow":["GET"]}}],"collection":[{"href":"https:\/\/www.atreus.de\/fr\/wp-json\/wp\/v2\/pages"}],"about":[{"href":"https:\/\/www.atreus.de\/fr\/wp-json\/wp\/v2\/types\/page"}],"author":[{"embeddable":true,"href":"https:\/\/www.atreus.de\/fr\/wp-json\/wp\/v2\/users\/1"}],"replies":[{"embeddable":true,"href":"https:\/\/www.atreus.de\/fr\/wp-json\/wp\/v2\/comments?post=621991"}],"version-history":[{"count":0,"href":"https:\/\/www.atreus.de\/fr\/wp-json\/wp\/v2\/pages\/621991\/revisions"}],"up":[{"embeddable":true,"href":"https:\/\/www.atreus.de\/fr\/wp-json\/wp\/v2\/pages\/621933"}],"wp:attachment":[{"href":"https:\/\/www.atreus.de\/fr\/wp-json\/wp\/v2\/media?parent=621991"}],"wp:term":[{"taxonomy":"competences","embeddable":true,"href":"https:\/\/www.atreus.de\/fr\/wp-json\/wp\/v2\/competences?post=621991"},{"taxonomy":"industry-sectors","embeddable":true,"href":"https:\/\/www.atreus.de\/fr\/wp-json\/wp\/v2\/industry-sectors?post=621991"}],"curies":[{"name":"wp","href":"https:\/\/api.w.org\/{rel}","templated":true}]}}