{"id":622014,"date":"2022-03-21T09:01:34","date_gmt":"2022-03-21T08:01:34","guid":{"rendered":"https:\/\/www.atreus.de\/?page_id=622014"},"modified":"2026-03-20T20:42:40","modified_gmt":"2026-03-20T19:42:40","slug":"prix","status":"publish","type":"page","link":"https:\/\/www.atreus.de\/fr\/atreus\/prix\/","title":{"rendered":"Prix"},"content":{"rendered":"<div  class=\"zw-cgb header-standard-block is-first-block desktop-header-standard mobile-header-standard default-margin black-color content-left content-down zw-atr-portrait-pos-default zw-atr-landscape-pos-default height-small \"><div class=\"row\"><div class=\"zw-cgb-content col-12 mx-auto\"><div  class=\"header-standard-inner-container\"><div class=\"bg-image\"><\/div><div class=\"zw-breadcrumb-container black-color d-md-block d-none\"><nav aria-label=\"breadcrumbs\" class=\"rank-math-breadcrumb\"><p><span class=\"label\">c<\/span> <span class=\"last\">Home<\/span><\/p><\/nav><\/div><div class=\"preheadline-container\"><p class=\" zw-cgb preheadline zw-prevent-animation\">Prix Atreus<\/p><h1 class=\" zw-cgb headline zw-prevent-animation\">Nous remercions tous ceux qui nous ont distingu\u00e9s&nbsp;!<\/h1><\/div><\/div><\/div><\/div><\/div>\n\n    <div  class=\"zw-cgb  bildblock default-margin \">\r\n      <div class=\"row\">\r\n        <div class=\"zw-cgb-content px-0\">\r\n          <span class=\"copyright-image d-none d-md-block\"><\/span><img decoding=\"async\" class=\"respnsive-img d-none d-md-block\" loading=\"lazy\" alt=\"atreus_\" src=\"https:\/\/www.atreus.de\/wp-content\/uploads\/2026\/03\/202603-schmuckbild-full-with-awards-en.webp\" srcset=\"https:\/\/www.atreus.de\/wp-content\/uploads\/2026\/03\/202603-schmuckbild-full-with-awards-en.webp 1920w, https:\/\/www.atreus.de\/wp-content\/uploads\/2026\/03\/202603-schmuckbild-full-with-awards-en-768x192.webp 768w, https:\/\/www.atreus.de\/wp-content\/uploads\/2026\/03\/202603-schmuckbild-full-with-awards-en-1024x257.webp 1024w, https:\/\/www.atreus.de\/wp-content\/uploads\/2026\/03\/202603-schmuckbild-full-with-awards-en-480x120.webp 480w, https:\/\/www.atreus.de\/wp-content\/uploads\/2026\/03\/202603-schmuckbild-full-with-awards-en-1440x361.webp 1440w\" sizes=\"(max-width: 1920px) 100vw, 1920px\" style=\"aspect-ratio:1920\/481 !important\" title=\"atreus_\"><span class=\"copyright-image d-md-none d-block\"><\/span><img decoding=\"async\" class=\"responsive-img d-md-none d-block\" loading=\"lazy\" alt=\"atreus_\" src=\"https:\/\/www.atreus.de\/wp-content\/uploads\/2026\/03\/Teaser-BB-overall-4zu3-EN.webp\" srcset=\"https:\/\/www.atreus.de\/wp-content\/uploads\/2026\/03\/Teaser-BB-overall-4zu3-EN.webp 823w, https:\/\/www.atreus.de\/wp-content\/uploads\/2026\/03\/Teaser-BB-overall-4zu3-EN-768x578.webp 768w, https:\/\/www.atreus.de\/wp-content\/uploads\/2026\/03\/Teaser-BB-overall-4zu3-EN-480x361.webp 480w\" sizes=\"(max-width: 1024px) 100vw, 1024px\" style=\"aspect-ratio:823\/619 !important\" title=\"atreus_\">        <\/div>\r\n      <\/div>\r\n    <\/div>\r\n\n\n    <div  class=\"zw-cgb    infoblock default-margin black-color  \">\n      <div class=\" row\">\n        <div class=\"zw-cgb-content has-padding col-12\">\n          <div class=\"preheadline-container parent-has-padding\"><p class=\" zw-cgb preheadline ' .  . '\">Atreus a \u00e9t\u00e9 r\u00e9compens\u00e9 \u00e0 plusieurs reprises<\/p><\/div><div class=\"inner-content parent-has-padding\"><p class=\" zw-cgb fulltext \">Nos clients et nos concurrents nous attribuent depuis des ann\u00e9es des positions de pointe, tant dans la cat\u00e9gorie du management de transition que dans de nombreux autres secteurs industriels et domaines de comp\u00e9tence. Cela montre que notre expertise en mati\u00e8re de conseil et de mise en \u0153uvre dans tous ces domaines est clairement per\u00e7ue sur le march\u00e9.<\/p><div class=\"link-container\"><\/div><\/div>        <\/div>\n      <\/div>\n    <\/div>\n\n\n    <div  class=\" ar-4-3 zw-cgb  halb-halb-block boxed default-margin \">\n      <div class=\"row\">\n\n                  <div class=\"col-lg-6 col-12 image order-1  px-0\">\n            <span class=\"copyright-image\"><\/span><img decoding=\"async\" loading=\"lazy\" alt=\"atreus_\" src=\"https:\/\/www.atreus.de\/wp-content\/uploads\/2025\/12\/hc-2026-website-teaser-4zu3-HC-Interim-Management.jpg\" srcset=\"https:\/\/www.atreus.de\/wp-content\/uploads\/2025\/12\/hc-2026-website-teaser-4zu3-HC-Interim-Management.jpg 823w, https:\/\/www.atreus.de\/wp-content\/uploads\/2025\/12\/hc-2026-website-teaser-4zu3-HC-Interim-Management-768x578.jpg 768w, https:\/\/www.atreus.de\/wp-content\/uploads\/2025\/12\/hc-2026-website-teaser-4zu3-HC-Interim-Management-480x361.jpg 480w\" sizes=\"(max-width: 1024px) 100vw, 1024px\" style=\"aspect-ratio:823\/619 !important\" title=\"atreus_\">          <\/div>\n          <div class=\"half-content has-padding col-lg-6 col-12 order-2 primary white-color small-headline\"><div class=\"inner-content parent-has-padding\"><h2 class=\" zw-cgb headline\">Atreus est un champion cach\u00e9 parmi les soci\u00e9t\u00e9s de conseil<\/h2><p class=\" zw-cgb fulltext \">Le prix Hidden Champion n\u2019est d\u00e9cern\u00e9 qu\u2019aux entreprises dont l\u2019expertise dans un domaine sp\u00e9cifique est reconnue par leurs clients comme \u00e9tant sup\u00e9rieure \u00e0 celle des trois grands cabinets de conseil Bain, Boston Consulting Group et McKinsey. Nous sommes un champion cach\u00e9 dans la cat\u00e9gorie \u00ab&nbsp;Management de transition&nbsp;\u00bb.<\/p><div class=\"link-container\"><div class=\"zw-cgb zw-cgb-button-container \"><a class=\"zw-cgb btn btn-primary \" href=\"https:\/\/www.atreus.de\/fr\/communique-de-presse\/atreus-champion-cache-du-marche-du-conseil-2026-2027\/\">En savoir plus<\/a><\/div><\/div><\/div><\/div>              <\/div>\n\n    <\/div>\n\n\n\n<div style=\"height:100px\" aria-hidden=\"true\" class=\"wp-block-spacer\"><\/div>\n\n\n    <div  class=\" ar-4-3 zw-cgb  halb-halb-block boxed default-margin \">\n      <div class=\"row\">\n\n                  <div class=\"col-lg-6 col-12 image order-1 order-lg-2  px-0\">\n            <span class=\"copyright-image\"><\/span><img decoding=\"async\" loading=\"lazy\" alt=\"atreus_\" src=\"https:\/\/www.atreus.de\/wp-content\/uploads\/2026\/03\/Teaser-BB-overall-EN.webp\" srcset=\"https:\/\/www.atreus.de\/wp-content\/uploads\/2026\/03\/Teaser-BB-overall-EN.webp 823w, https:\/\/www.atreus.de\/wp-content\/uploads\/2026\/03\/Teaser-BB-overall-EN-768x578.webp 768w, https:\/\/www.atreus.de\/wp-content\/uploads\/2026\/03\/Teaser-BB-overall-EN-480x361.webp 480w\" sizes=\"(max-width: 1024px) 100vw, 1024px\" style=\"aspect-ratio:823\/619 !important\" title=\"atreus_\">          <\/div>\n          <div class=\"half-content has-padding col-lg-6 col-12 order-2 order-lg-1 blue-400 white-color small-headline\"><div class=\"inner-content parent-has-padding\"><h2 class=\" zw-cgb headline\">Meilleur conseiller\u00a02026 et top conseiller\u00a02024\/25<\/h2><p class=\" zw-cgb fulltext \">Depuis le d\u00e9but des prix du Meilleur conseiller, Atreus compte parmi les entreprises de conseil les plus renomm\u00e9es et peut continuer \u00e0 consolider ses positions de pointe en 2024\/25\/26 dans les cat\u00e9gories&nbsp;:<br><br><\/p><p class=\" zw-cgb fulltext \">Les industries de l&#8217;automobile et des \u00e9quipementiers, les biens de consommation, la chimie et la pharmacie, le commerce (y compris le commerce \u00e9lectronique), la construction de machines et d\u2019installations, l&#8217;\u00e9nergie et l&#8217;environnement, la finance, l&#8217;industrie chimique et pharmaceutique les sciences de la vie et les services de sant\u00e9 en passant par les disciplines cl\u00e9s telles que l&#8217;am\u00e9lioration de la performance, le conseil en informatique et la mise en \u0153uvre informatique, le conseil en ressources humaines, la gestion des op\u00e9rations, la gestion des risques, la gestion du changement, le management de la transformation, la num\u00e9risation et la restructuration.<\/p><div class=\"link-container\"><\/div><\/div><\/div>              <\/div>\n\n    <\/div>\n\n\n\r\n    <div  class=\"zw-cgb  intern-zitat-style  zitat-block black-color default-margin default-padding \">\r\n      <div class=\"row zitat-row\">\r\n        <div class=\" image-container g-0 order-1 order-lg-2  col-menu-5 col-12 \">\r\n          <a href=\"https:\/\/www.atreus.de\/fr\/equipe\/rainer-nagel\/\">          <div class=\"img-with-gradient\">\r\n\r\n            <span class=\"copyright-image\"><\/span><img decoding=\"async\" loading=\"lazy\" alt=\"atreus_\" src=\"https:\/\/www.atreus.de\/wp-content\/uploads\/2023\/08\/nag-ra-2.png\" srcset=\"https:\/\/www.atreus.de\/wp-content\/uploads\/2023\/08\/nag-ra-2.png 555w, https:\/\/www.atreus.de\/wp-content\/uploads\/2023\/08\/nag-ra-2-480x600.png 480w\" sizes=\"(max-width: 1024px) 100vw, 1024px\" style=\"aspect-ratio:555\/694 !important\" title=\"atreus_\">            <div class=\"linear-gradient-container\"><\/div>\r\n          <\/div>\r\n\r\n\r\n\r\n          <div class=\"zitat-img-text-container\"><div class=\"zitat-name-container fulltext\"><span>Rainer   Nagel<\/span><\/div><div class=\"zitat-discription-container fulltext\"><span>Directeur g\u00e9n\u00e9ral <\/span><\/div><\/div>          <\/a>        <\/div>\r\n        <div class=\"g-0 zitat-text-container order-2 order-lg-1 col-menu-7 col-12 \">\r\n          <div class=\"zitat-text\"><span class=\"zitat-start-icon atreus-font\">D<\/span><p class=\"zw-cgb fulltext\">\u201eCes formidables r\u00e9compenses s\u2019expliquent certainement par le fait que nous nous sommes toujours clairement positionn\u00e9s dans le management de transition comme un fournisseur de solutions multisectorielles dot\u00e9 d\u2019une grande comp\u00e9tence de mise en \u0153uvre. L\u2019approche consistant \u00e0 regrouper notre savoir-faire au sein des Atreus Solution Groups porte pleinement ses fruits et est manifestement appr\u00e9ci\u00e9e par nos clients\u201c<\/p><\/div>                  <\/div>\r\n\r\n      <\/div>\r\n    <\/div>\r\n\n\n\r\n    <div  class=\"zw-cgb  intern-zitat-style  zitat-block black-color default-margin default-padding \">\r\n      <div class=\"row zitat-row\">\r\n        <div class=\" image-container g-0 order-1  col-menu-5 col-12 \">\r\n          <a href=\"https:\/\/www.atreus.de\/fr\/equipe\/dr-harald-linne\/\">          <div class=\"img-with-gradient\">\r\n\r\n            <span class=\"copyright-image\"><\/span><img decoding=\"async\" loading=\"lazy\" alt=\"atreus_\" src=\"https:\/\/www.atreus.de\/wp-content\/uploads\/2023\/07\/lin-ha-dr-v3.png\" srcset=\"https:\/\/www.atreus.de\/wp-content\/uploads\/2023\/07\/lin-ha-dr-v3.png 555w, https:\/\/www.atreus.de\/wp-content\/uploads\/2023\/07\/lin-ha-dr-v3-480x600.png 480w\" sizes=\"(max-width: 1024px) 100vw, 1024px\" style=\"aspect-ratio:555\/694 !important\" title=\"atreus_\">            <div class=\"linear-gradient-container\"><\/div>\r\n          <\/div>\r\n\r\n\r\n\r\n          <div class=\"zitat-img-text-container\"><div class=\"zitat-name-container fulltext\"><span>Dr. Harald  Linn\u00e9<\/span><\/div><div class=\"zitat-discription-container fulltext\"><span>Directeur g\u00e9n\u00e9ral<\/span><\/div><\/div>          <\/a>        <\/div>\r\n        <div class=\"g-0 zitat-text-container order-2 col-menu-7 col-12 \">\r\n          <div class=\"zitat-text\"><span class=\"zitat-start-icon atreus-font\">D<\/span><p class=\"zw-cgb fulltext\">\u201eEn ces temps difficiles, il ne s\u2019agit pas seulement de combler des postes vacants, mais aussi et surtout d\u2019acqu\u00e9rir une comp\u00e9tence \u00e9lev\u00e9e en mati\u00e8re de transformation, c\u2019est-\u00e0-dire de r\u00e9orienter et de mettre en \u0153uvre des strat\u00e9gies gr\u00e2ce \u00e0 l\u2019intervention de gestionnaires de ligne et de projets tr\u00e8s exp\u00e9riment\u00e9s\u201c<\/p><\/div>                  <\/div>\r\n\r\n      <\/div>\r\n    <\/div>\r\n\n\n    <div  class=\" ar-16-9 zw-cgb  halb-halb-block boxed default-margin \">\n      <div class=\"row\">\n\n                  <div class=\"col-lg-6 col-12 image order-1  video-player has-popup\">\n            <span class=\"copyright-image\"><\/span><img decoding=\"async\" loading=\"lazy\" alt=\"atreus_\" src=\"https:\/\/www.atreus.de\/wp-content\/uploads\/2023\/07\/german-brand-award-awards-2023.jpg\" srcset=\"https:\/\/www.atreus.de\/wp-content\/uploads\/2023\/07\/german-brand-award-awards-2023.jpg 823w, https:\/\/www.atreus.de\/wp-content\/uploads\/2023\/07\/german-brand-award-awards-2023-768x578.jpg 768w, https:\/\/www.atreus.de\/wp-content\/uploads\/2023\/07\/german-brand-award-awards-2023-480x361.jpg 480w\" sizes=\"(max-width: 1024px) 100vw, 1024px\" style=\"aspect-ratio:823\/619 !important\" title=\"atreus_\">          <\/div>\n          <div class=\"half-content has-padding col-lg-6 col-12 order-2 blue-600 white-color small-headline\"><div class=\"preheadline-container parent-has-padding\"><p class=\" zw-cgb preheadline ' .  . '\">Gagnant du German Brand Award&nbsp;2020 et 2023<\/p><\/div><div class=\"inner-content parent-has-padding\"><h2 class=\" zw-cgb headline\">De l\u2019or pour la gestion de la marque<\/h2><p class=\" zw-cgb fulltext \">Une cons\u00e9cration pour la marque Atreus&nbsp;: l\u2019or au German Brand Award&nbsp;2020 et 2023&nbsp;! Ces r\u00e9compenses confirment le niveau \u00e9lev\u00e9 auquel Atreus s\u2019impose en tant que marque. Nous avons re\u00e7u les prix avec s\u00e9r\u00e9nit\u00e9 \u2014 et comme une occasion d\u2019en faire davantage pour nos clients et nos partenaires.<\/p><div class=\"atreus-hexagon hexagon-pop-up\"><div class=\"hexagon-content\">\n              <a href=\"#\" data-featherlight=\"#modal-prop-44e06cef_d441_4ea5_8413_1b4b34115429\" class=\"hexagon-button fulltext\"><img loading=\"lazy\" decoding=\"async\" width=\"35\" height=\"35\" src=\"https:\/\/www.atreus.de\/wp-content\/themes\/zw-atr-theme\/assets\/images\/Play_Button_wei\u00df.png\" class=\"hexagon-img\" alt=\"atreus_\" title=\"atreus_\">D\u00e9marrer la vid\u00e9o (en allemand)<\/a><\/div><\/div><div class=\"link-container\"><div id=\"modal-prop-44e06cef_d441_4ea5_8413_1b4b34115429\" class=\"zw-modal\" > <div class=\"brlbs-cmpnt-container brlbs-cmpnt-content-blocker brlbs-cmpnt-with-individual-styles\" data-borlabs-cookie-content-blocker-id=\"vimeo-content-blocker\" data-borlabs-cookie-content=\"\"><div class=\"brlbs-cmpnt-cb-preset-c brlbs-cmpnt-cb-vimeo\"> <div class=\"brlbs-cmpnt-cb-thumbnail\" style=\"background-image: url('https:\/\/www.atreus.de\/wp-content\/uploads\/borlabs-cookie\/1\/brlbs-cb-vimeo-main.png')\"><\/div> <div class=\"brlbs-cmpnt-cb-main\"> <div class=\"brlbs-cmpnt-cb-play-button\"><\/div> <div class=\"brlbs-cmpnt-cb-content\"> <p class=\"brlbs-cmpnt-cb-description\">Vous \u00eates actuellement en train de consulter le contenu d&#8217;un espace r\u00e9serv\u00e9 de <strong>Vimeo<\/strong>. Pour acc\u00e9der au contenu r\u00e9el, cliquez sur le bouton ci-dessous. Veuillez noter que ce faisant, des donn\u00e9es seront partag\u00e9es avec des providers tiers.<\/p> <a class=\"brlbs-cmpnt-cb-provider-toggle\" href=\"#\" data-borlabs-cookie-show-provider-information role=\"button\">Plus d&#8217;informations<\/a> <\/div> <div class=\"brlbs-cmpnt-cb-buttons\"> <a class=\"brlbs-cmpnt-cb-btn\" href=\"#\" data-borlabs-cookie-unblock role=\"button\">D\u00e9bloquer le contenu<\/a> <a class=\"brlbs-cmpnt-cb-btn\" href=\"#\" data-borlabs-cookie-accept-service role=\"button\" style=\"display: inherit\">Accepter le service requis et d\u00e9bloquer les contenus<\/a> <\/div> <\/div> <\/div><\/div><\/div><\/div><\/div><\/div>              <\/div>\n\n    <\/div>\n\n\n\n<div style=\"height:100px\" aria-hidden=\"true\" class=\"wp-block-spacer\"><\/div>\n\n\n    <div  class=\" ar-16-9 zw-cgb  halb-halb-block boxed default-margin \">\n      <div class=\"row\">\n\n                  <div class=\"col-lg-6 col-12 image order-1 order-lg-2  video-player has-popup\">\n            <span class=\"copyright-image\"><\/span><img decoding=\"async\" loading=\"lazy\" alt=\"atreus_\" src=\"https:\/\/www.atreus.de\/wp-content\/uploads\/2023\/07\/german-brand-award-awards-2023.jpg\" srcset=\"https:\/\/www.atreus.de\/wp-content\/uploads\/2023\/07\/german-brand-award-awards-2023.jpg 823w, https:\/\/www.atreus.de\/wp-content\/uploads\/2023\/07\/german-brand-award-awards-2023-768x578.jpg 768w, https:\/\/www.atreus.de\/wp-content\/uploads\/2023\/07\/german-brand-award-awards-2023-480x361.jpg 480w\" sizes=\"(max-width: 1024px) 100vw, 1024px\" style=\"aspect-ratio:823\/619 !important\" title=\"atreus_\">          <\/div>\n          <div class=\"half-content has-padding col-lg-6 col-12 order-2 order-lg-1 blue-600 white-color small-headline\"><div class=\"preheadline-container parent-has-padding\"><p class=\" zw-cgb preheadline ' .  . '\">et encore une fois Winner German Brand Award&nbsp;2023<\/p><\/div><div class=\"inner-content parent-has-padding\"><h2 class=\" zw-cgb headline\">De l\u2019or pour la strat\u00e9gie de marque et la cr\u00e9ation<\/h2><p class=\" zw-cgb fulltext \">La pr\u00e9sentation vid\u00e9o d\u2019Atreus sur le concept de \u00ab&nbsp;co-branding strat\u00e9gique&nbsp;\u00bb a \u00e9t\u00e9 particuli\u00e8rement remarqu\u00e9e. Dans ce contexte, le potentiel du partenariat est exploit\u00e9 en \u00e9troite collaboration avec les anciens \u00e9l\u00e8ves de Fraunhofer. Le 4e salon de l\u2019innovation \u00ab&nbsp;Die Zukunft der industriellen Energieversorgung \u2013 Quo Vadis?&nbsp;\u00bb (L\u2019avenir de l\u2019approvisionnement \u00e9nerg\u00e9tique industriel \u2014 Quo Vadis), qui s\u2019est tenu \u00e0 l\u2019\u00e9t\u00e9&nbsp;2022, a permis \u00e0 des experts de l\u2019industrie et \u00e0 des anciens \u00e9l\u00e8ves de Fraunhofer de discuter et de r\u00e9sumer l\u2019\u00e9tat actuel de d\u00e9veloppement de l\u2019hydrog\u00e8ne, porteur d\u2019espoir \u00e9nerg\u00e9tique.<\/p><div class=\"atreus-hexagon hexagon-pop-up\"><div class=\"hexagon-content\">\n              <a href=\"#\" data-featherlight=\"#modal-prop-dd24033a_e952_4c8f_b98a_45de3d8ffa25\" class=\"hexagon-button fulltext\"><img loading=\"lazy\" decoding=\"async\" width=\"35\" height=\"35\" src=\"https:\/\/www.atreus.de\/wp-content\/themes\/zw-atr-theme\/assets\/images\/Play_Button_wei\u00df.png\" class=\"hexagon-img\" alt=\"atreus_\" title=\"atreus_\">D\u00e9marrer la vid\u00e9o (en allemand)<\/a><\/div><\/div><div class=\"link-container\"><div id=\"modal-prop-dd24033a_e952_4c8f_b98a_45de3d8ffa25\" class=\"zw-modal\" > <div class=\"brlbs-cmpnt-container brlbs-cmpnt-content-blocker brlbs-cmpnt-with-individual-styles\" data-borlabs-cookie-content-blocker-id=\"vimeo-content-blocker\" data-borlabs-cookie-content=\"PGlmcmFtZSB0aXRsZT0iU3RyYXRlZ2lzY2hlcyBDby1CcmFuZGluZyBtaXQgRnJhdW5ob2ZlciBBbHVtbmkgLSA0LiBJbm5vdmF0aW9uc2xvdW5nZSIgc3JjPSJodHRwczovL3BsYXllci52aW1lby5jb20vdmlkZW8vODM1MzI3MTc1P2RudD0xJmFtcDthcHBfaWQ9MTIyOTYzIiB3aWR0aD0iOTYwIiBoZWlnaHQ9IjU0MCIgZnJhbWVib3JkZXI9IjAiIGFsbG93PSJhdXRvcGxheTsgZnVsbHNjcmVlbjsgcGljdHVyZS1pbi1waWN0dXJlOyBjbGlwYm9hcmQtd3JpdGU7IGVuY3J5cHRlZC1tZWRpYTsgd2ViLXNoYXJlIiByZWZlcnJlcnBvbGljeT0ic3RyaWN0LW9yaWdpbi13aGVuLWNyb3NzLW9yaWdpbiI+PC9pZnJhbWU+\"><div class=\"brlbs-cmpnt-cb-preset-c brlbs-cmpnt-cb-vimeo\"> <div class=\"brlbs-cmpnt-cb-thumbnail\" style=\"background-image: url('https:\/\/www.atreus.de\/wp-content\/uploads\/borlabs-cookie\/1\/vimeo_835327175.jpg')\"><\/div> <div class=\"brlbs-cmpnt-cb-main\"> <div class=\"brlbs-cmpnt-cb-play-button\"><\/div> <div class=\"brlbs-cmpnt-cb-content\"> <p class=\"brlbs-cmpnt-cb-description\">Vous \u00eates actuellement en train de consulter le contenu d&#8217;un espace r\u00e9serv\u00e9 de <strong>Vimeo<\/strong>. Pour acc\u00e9der au contenu r\u00e9el, cliquez sur le bouton ci-dessous. Veuillez noter que ce faisant, des donn\u00e9es seront partag\u00e9es avec des providers tiers.<\/p> <a class=\"brlbs-cmpnt-cb-provider-toggle\" href=\"#\" data-borlabs-cookie-show-provider-information role=\"button\">Plus d&#8217;informations<\/a> <\/div> <div class=\"brlbs-cmpnt-cb-buttons\"> <a class=\"brlbs-cmpnt-cb-btn\" href=\"#\" data-borlabs-cookie-unblock role=\"button\">D\u00e9bloquer le contenu<\/a> <a class=\"brlbs-cmpnt-cb-btn\" href=\"#\" data-borlabs-cookie-accept-service role=\"button\" style=\"display: inherit\">Accepter le service requis et d\u00e9bloquer les contenus<\/a> <\/div> <\/div> <\/div><\/div><\/div><\/div><\/div><\/div>              <\/div>\n\n    <\/div>\n\n\n\n<div style=\"height:100px\" aria-hidden=\"true\" class=\"wp-block-spacer\"><\/div>\n\n\n    <div  class=\"  zw-cgb  halb-halb-block boxed default-margin \">\n      <div class=\"row\">\n\n                  <div class=\"col-lg-6 col-12 image order-1  px-0\">\n            <span class=\"copyright-image\"><\/span><img decoding=\"async\" loading=\"lazy\" alt=\"atreus_\" src=\"https:\/\/www.atreus.de\/wp-content\/uploads\/2024\/07\/service-provider-award-header-1024x576.jpg\" srcset=\"https:\/\/www.atreus.de\/wp-content\/uploads\/2024\/07\/service-provider-award-header-1024x576.jpg 1024w, https:\/\/www.atreus.de\/wp-content\/uploads\/2024\/07\/service-provider-award-header-768x432.jpg 768w, https:\/\/www.atreus.de\/wp-content\/uploads\/2024\/07\/service-provider-award-header-480x270.jpg 480w, https:\/\/www.atreus.de\/wp-content\/uploads\/2024\/07\/service-provider-award-header-1440x810.jpg 1440w, https:\/\/www.atreus.de\/wp-content\/uploads\/2024\/07\/service-provider-award-header.jpg 1920w\" sizes=\"(max-width: 1024px) 100vw, 1024px\" style=\"aspect-ratio:1920\/1080 !important\" title=\"atreus_\">          <\/div>\n          <div class=\"half-content has-padding col-lg-6 col-12 order-2 blue-600 white-color small-headline\"><div class=\"preheadline-container parent-has-padding\"><p class=\" zw-cgb preheadline ' .  . '\">R\u00e9compense internationale &#8211; New Age Leadership Solutions for Driving Transformation<\/p><\/div><div class=\"inner-content parent-has-padding\"><h2 class=\" zw-cgb headline\">Atreus Top Interim Service Provider Europe 2024 &#8211; r\u00e9compens\u00e9 par MANAGE HR<\/h2><p class=\" zw-cgb fulltext \">Atreus a \u00e9t\u00e9 class\u00e9e parmi les meilleures entreprises apr\u00e8s une \u00e9valuation compl\u00e8te par un comit\u00e9 d&#8217;experts compos\u00e9 de cadres de niveau C, de leaders de l&#8217;industrie et de la r\u00e9daction du magazine MANAGE HR.<\/p><div class=\"link-container\"><\/div><\/div><\/div>              <\/div>\n\n    <\/div>\n\n\n\n<div style=\"height:100px\" aria-hidden=\"true\" class=\"wp-block-spacer\"><\/div>\n\n\n    <div  class=\" ar-16-9 zw-cgb  halb-halb-block boxed default-margin \">\n      <div class=\"row\">\n\n                  <div class=\"col-lg-6 col-12 image order-1  px-0\">\n            <span class=\"copyright-image\"><\/span><img decoding=\"async\" loading=\"lazy\" alt=\"atreus_\" src=\"https:\/\/www.atreus.de\/wp-content\/uploads\/2022\/03\/great-place-to-work-awards.jpg\" srcset=\"https:\/\/www.atreus.de\/wp-content\/uploads\/2022\/03\/great-place-to-work-awards.jpg 823w, https:\/\/www.atreus.de\/wp-content\/uploads\/2022\/03\/great-place-to-work-awards-768x578.jpg 768w, https:\/\/www.atreus.de\/wp-content\/uploads\/2022\/03\/great-place-to-work-awards-480x361.jpg 480w\" sizes=\"(max-width: 1024px) 100vw, 1024px\" style=\"aspect-ratio:823\/619 !important\" title=\"atreus_\">          <\/div>\n          <div class=\"half-content has-padding col-lg-6 col-12 order-2  black-color small-headline\"><div class=\"preheadline-container parent-has-padding\"><p class=\" zw-cgb preheadline ' .  . '\">Autres prix<\/p><\/div><div class=\"inner-content parent-has-padding\"><h2 class=\" zw-cgb headline\">Nous sommes \u00ab&nbsp;Great&nbsp;\u00bb&nbsp;!<\/h2><p class=\" zw-cgb fulltext \">Notre qualit\u00e9 de Great Place to Work et Meilleur employeur de Bavi\u00e8re nous satisfait pleinement et pouvons nous concentrer sur notre mission&nbsp;: vous&nbsp;!<\/p><div class=\"link-container\"><\/div><\/div><\/div>              <\/div>\n\n    <\/div>\n\n\n\n<div style=\"height:100px\" aria-hidden=\"true\" class=\"wp-block-spacer\"><\/div>\n\n\n","protected":false},"excerpt":{"rendered":"<div  class=\"zw-cgb header-standard-block  desktop-header-standard mobile-header-standard default-margin black-color content-left content-down zw-atr-portrait-pos-default zw-atr-landscape-pos-default height-small \">\n<div class=\"row\">\n<div class=\"zw-cgb-content col-12 mx-auto\">\n<div  class=\"header-standard-inner-container\">\n<div class=\"bg-image\"><\/div>\n<div class=\"zw-breadcrumb-container black-color d-md-block d-none\">\n<nav aria-label=\"breadcrumbs\" class=\"rank-math-breadcrumb\">\n<p><span class=\"label\">c<\/span> <span class=\"last\">Home<\/span><\/p>\n<\/nav>\n<\/div>\n<div class=\"preheadline-container\">\n<p class=\" zw-cgb preheadline zw-prevent-animation\">Prix Atreus<\/p>\n<h2 class=\" zw-cgb headline zw-prevent-animation\">Nous remercions tous ceux qui nous ont distingu\u00e9s&nbsp;!<\/h2>\n<\/div>\n<\/div>\n<\/div>\n<\/div>\n<\/div>\n","protected":false},"author":1,"featured_media":0,"parent":621933,"menu_order":40,"comment_status":"closed","ping_status":"closed","template":"","meta":{"_relevanssi_hide_post":"","_relevanssi_hide_content":"","_relevanssi_pin_for_all":"","_relevanssi_pin_keywords":"","_relevanssi_unpin_keywords":"","_relevanssi_related_keywords":"","_relevanssi_related_include_ids":"","_relevanssi_related_exclude_ids":"","_relevanssi_related_no_append":"","_relevanssi_related_not_related":"","_relevanssi_related_posts":"524314,524329,524369,524337,524328,524345","_relevanssi_noindex_reason":"","_zw_phone_override":"","footnotes":""},"competences":[],"industry-sectors":[],"class_list":["post-622014","page","type-page","status-publish","hentry"],"_links":{"self":[{"href":"https:\/\/www.atreus.de\/fr\/wp-json\/wp\/v2\/pages\/622014","targetHints":{"allow":["GET"]}}],"collection":[{"href":"https:\/\/www.atreus.de\/fr\/wp-json\/wp\/v2\/pages"}],"about":[{"href":"https:\/\/www.atreus.de\/fr\/wp-json\/wp\/v2\/types\/page"}],"author":[{"embeddable":true,"href":"https:\/\/www.atreus.de\/fr\/wp-json\/wp\/v2\/users\/1"}],"replies":[{"embeddable":true,"href":"https:\/\/www.atreus.de\/fr\/wp-json\/wp\/v2\/comments?post=622014"}],"version-history":[{"count":0,"href":"https:\/\/www.atreus.de\/fr\/wp-json\/wp\/v2\/pages\/622014\/revisions"}],"up":[{"embeddable":true,"href":"https:\/\/www.atreus.de\/fr\/wp-json\/wp\/v2\/pages\/621933"}],"wp:attachment":[{"href":"https:\/\/www.atreus.de\/fr\/wp-json\/wp\/v2\/media?parent=622014"}],"wp:term":[{"taxonomy":"competences","embeddable":true,"href":"https:\/\/www.atreus.de\/fr\/wp-json\/wp\/v2\/competences?post=622014"},{"taxonomy":"industry-sectors","embeddable":true,"href":"https:\/\/www.atreus.de\/fr\/wp-json\/wp\/v2\/industry-sectors?post=622014"}],"curies":[{"name":"wp","href":"https:\/\/api.w.org\/{rel}","templated":true}]}}